{"id":265,"date":"2023-09-20T15:10:13","date_gmt":"2023-09-20T14:10:13","guid":{"rendered":"https:\/\/recolhimentolapa.pt\/?page_id=265"},"modified":"2025-03-24T15:53:00","modified_gmt":"2025-03-24T15:53:00","slug":"valencias-e-atividades-a-cada-vida-a-sua-atividade","status":"publish","type":"page","link":"https:\/\/recolhimentolapa.pt\/index.php\/valencias-e-atividades-a-cada-vida-a-sua-atividade\/","title":{"rendered":"VAL\u00caNCIAS E ATIVIDADES"},"content":{"rendered":"<p>[et_pb_section fb_built=&#8221;1&#8243; _builder_version=&#8221;4.23.4&#8243; background_image=&#8221;https:\/\/recolhimentolapa.pt\/wp-content\/uploads\/2022\/11\/DSC_9354-scaled.jpg&#8221; min_height=&#8221;480px&#8221; custom_margin=&#8221;0px||0px||false|false&#8221; custom_padding=&#8221;0px||||false|false&#8221; global_colors_info=&#8221;{}&#8221;][et_pb_row _builder_version=&#8221;4.16&#8243; background_size=&#8221;initial&#8221; background_position=&#8221;top_left&#8221; background_repeat=&#8221;repeat&#8221; global_colors_info=&#8221;{}&#8221;][et_pb_column type=&#8221;4_4&#8243; _builder_version=&#8221;4.16&#8243; custom_padding=&#8221;|||&#8221; global_colors_info=&#8221;{}&#8221; custom_padding__hover=&#8221;|||&#8221;][et_pb_text _builder_version=&#8221;4.22.2&#8243; _module_preset=&#8221;default&#8221; text_font=&#8221;|700|||||||&#8221; text_font_size=&#8221;1px&#8221; text_line_height=&#8221;1.3em&#8221; header_font=&#8221;|700|||||||&#8221; header_font_size=&#8221;52px&#8221; min_height=&#8221;66px&#8221; custom_margin=&#8221;150px|||||&#8221; custom_padding=&#8221;||3px|||&#8221; header_text_shadow_style=&#8221;preset2&#8243; header_text_shadow_horizontal_length=&#8221;0.09em&#8221; header_text_shadow_vertical_length=&#8221;0.07em&#8221; header_text_shadow_blur_strength=&#8221;0.06em&#8221; header_text_shadow_color=&#8221;rgba(0,0,0,0.63)&#8221; locked=&#8221;off&#8221; global_colors_info=&#8221;{}&#8221;]<\/p>\n<h1 style=\"text-align: right;\"><span style=\"color: #ffffff;\"><strong>A cada Vida <\/strong><\/span><\/h1>\n<h1 style=\"text-align: right;\"><span style=\"color: #ffffff;\"><strong>a sua Atividade<\/strong><\/span><\/h1>\n<p>[\/et_pb_text][\/et_pb_column][\/et_pb_row][\/et_pb_section][et_pb_section fb_built=&#8221;1&#8243; _builder_version=&#8221;4.23.1&#8243; background_enable_image=&#8221;off&#8221; min_height=&#8221;112px&#8221; custom_margin=&#8221;0px||0px||false|false&#8221; custom_padding=&#8221;||0px|||&#8221; global_colors_info=&#8221;{}&#8221;][et_pb_row _builder_version=&#8221;4.16&#8243; background_size=&#8221;initial&#8221; background_position=&#8221;top_left&#8221; background_repeat=&#8221;repeat&#8221; min_height=&#8221;439.7px&#8221; custom_margin=&#8221;|auto|-52px|auto||&#8221; custom_padding=&#8221;26px|||||&#8221; global_colors_info=&#8221;{}&#8221;][et_pb_column type=&#8221;4_4&#8243; _builder_version=&#8221;4.16&#8243; custom_padding=&#8221;|||&#8221; global_colors_info=&#8221;{}&#8221; custom_padding__hover=&#8221;|||&#8221;][et_pb_text _builder_version=&#8221;4.18.0&#8243; _module_preset=&#8221;default&#8221; text_line_height=&#8221;1.8em&#8221; min_height=&#8221;94px&#8221; custom_margin=&#8221;||-5px|||&#8221; global_colors_info=&#8221;{}&#8221;]<\/p>\n<p style=\"font-weight: 400; text-align: justify;\"><strong>O problema do envelhecimento consiste em que a pessoa o aceite, compreenda o seu sentido e o torne realidade. Mas h\u00e1 que acrescentar ainda outra coisa: depende tamb\u00e9m muito que, por seu lado, a sociedade aceite a velhice e lhe reconhe\u00e7a, honrada e amavelmente, o direito \u00e0 vida que lhe corresponde.<\/strong><\/p>\n<p style=\"font-weight: 400; text-align: right;\"><em>Romano Guardini<\/em><\/p>\n<h1 style=\"text-align: justify;\"><span style=\"color: #000000;\"><\/span><\/h1>\n<h1 style=\"text-align: justify;\"><span style=\"color: #000000;\"><\/span><\/h1>\n<h1 style=\"text-align: justify;\"><span style=\"color: #000000;\"><\/span><\/h1>\n<h1 style=\"text-align: justify;\"><span style=\"color: #000000;\"><\/span><\/h1>\n<h1 style=\"text-align: justify;\"><span style=\"color: #000000;\">VAL\u00caNCIAS<\/span><\/h1>\n<p style=\"font-weight: 400;\">\n<p style=\"font-weight: 400;\">O RNSCL tem <strong>2 val\u00eancias:<\/strong><span>\u00a0<\/span>\u00a0<\/p>\n<p style=\"font-weight: 400;\"><strong>\u2022 Estrutura Residencial para Pessoas Idosas<\/strong><span>\u00a0<\/span>(ERPI) com capacidade para 25 senhoras<\/p>\n<p style=\"font-weight: 400;\"><strong>\u2022 Centro de Dia<\/strong><span>\u00a0<\/span>com capacidade para 20 idosos de ambos os sexos.<\/p>\n<p style=\"font-weight: 400;\">\n<p style=\"text-align: justify;\">\n<p style=\"text-align: justify;\">\n<p>[\/et_pb_text][\/et_pb_column][\/et_pb_row][\/et_pb_section][et_pb_section fb_built=&#8221;1&#8243; _builder_version=&#8221;4.23.1&#8243; background_enable_image=&#8221;off&#8221; min_height=&#8221;150px&#8221; custom_margin=&#8221;0px||0px||false|false&#8221; custom_padding=&#8221;0px||0px|||&#8221; global_colors_info=&#8221;{}&#8221;][et_pb_row column_structure=&#8221;1_3,1_3,1_3&#8243; _builder_version=&#8221;4.22.2&#8243; _module_preset=&#8221;default&#8221; min_height=&#8221;395px&#8221; global_colors_info=&#8221;{}&#8221;][et_pb_column type=&#8221;1_3&#8243; _builder_version=&#8221;4.22.2&#8243; _module_preset=&#8221;default&#8221; global_colors_info=&#8221;{}&#8221;][et_pb_image src=&#8221;https:\/\/recolhimentolapa.pt\/wp-content\/uploads\/2024\/01\/IMG_4283-rotated.jpg&#8221; alt=&#8221;JMJ-Recolhimento da Lapa&#8221; title_text=&#8221;JMJ-Recolhimento da Lapa&#8221; _builder_version=&#8221;4.24.0&#8243; _module_preset=&#8221;default&#8221; custom_margin=&#8221;-26px|||||&#8221; global_colors_info=&#8221;{}&#8221;][\/et_pb_image][\/et_pb_column][et_pb_column type=&#8221;1_3&#8243; _builder_version=&#8221;4.22.2&#8243; _module_preset=&#8221;default&#8221; global_colors_info=&#8221;{}&#8221;][et_pb_image src=&#8221;https:\/\/recolhimentolapa.pt\/wp-content\/uploads\/2023\/10\/IMG_7303-rotated.jpg&#8221; alt=&#8221;Trabalho 2 &#8211; Recolhimento Lapa&#8221; title_text=&#8221;Trabalho 2 &#8211; Recolhimento Lapa&#8221; _builder_version=&#8221;4.23.4&#8243; _module_preset=&#8221;default&#8221; custom_margin=&#8221;-26px|||||&#8221; global_colors_info=&#8221;{}&#8221;][\/et_pb_image][\/et_pb_column][et_pb_column type=&#8221;1_3&#8243; _builder_version=&#8221;4.22.2&#8243; _module_preset=&#8221;default&#8221; global_colors_info=&#8221;{}&#8221;][et_pb_image src=&#8221;https:\/\/recolhimentolapa.pt\/wp-content\/uploads\/2023\/10\/IMG_7415-rotated.jpg&#8221; title_text=&#8221;Actividade bola 3-Recolhimento Lapa&#8221; _builder_version=&#8221;4.23.4&#8243; _module_preset=&#8221;default&#8221; custom_margin=&#8221;-30px|||||&#8221; global_colors_info=&#8221;{}&#8221;][\/et_pb_image][\/et_pb_column][\/et_pb_row][\/et_pb_section][et_pb_section fb_built=&#8221;1&#8243; _builder_version=&#8221;4.23.1&#8243; background_enable_image=&#8221;off&#8221; min_height=&#8221;112px&#8221; custom_margin=&#8221;0px||0px||false|false&#8221; custom_padding=&#8221;0px||0px||false|false&#8221; global_colors_info=&#8221;{}&#8221;][et_pb_row _builder_version=&#8221;4.16&#8243; background_size=&#8221;initial&#8221; background_position=&#8221;top_left&#8221; background_repeat=&#8221;repeat&#8221; min_height=&#8221;439.7px&#8221; custom_margin=&#8221;-41px|auto|-52px|auto||&#8221; custom_padding=&#8221;26px|||||&#8221; global_colors_info=&#8221;{}&#8221;][et_pb_column type=&#8221;4_4&#8243; _builder_version=&#8221;4.16&#8243; custom_padding=&#8221;|||&#8221; global_colors_info=&#8221;{}&#8221; custom_padding__hover=&#8221;|||&#8221;][et_pb_text _builder_version=&#8221;4.18.0&#8243; _module_preset=&#8221;default&#8221; text_line_height=&#8221;1.8em&#8221; min_height=&#8221;106px&#8221; custom_margin=&#8221;||-5px|||&#8221; custom_padding=&#8221;14px|||||&#8221; global_colors_info=&#8221;{}&#8221;]<\/p>\n<h1 style=\"text-align: justify;\"><span style=\"color: #000000;\">ATIVIDADES<\/span><\/h1>\n<p style=\"text-align: justify;\"><span style=\"color: #000000;\"><\/span><\/p>\n<p style=\"font-weight: 400; text-align: justify;\">Na atividade di\u00e1ria s\u00e3o favorecidos a autonomia o envelhecimento ativo e a integra\u00e7\u00e3o social, tendo em conta as capacidades e prefer\u00eancias das residentes.<\/p>\n<p style=\"font-weight: 400; text-align: justify;\">S\u00e3o desenvolvidas regularmente a\u00e7\u00f5es de estimula\u00e7\u00e3o sensorial e manuten\u00e7\u00e3o de capacidades f\u00edsicas. O desenvolvimento das compet\u00eancias de cada residente \u00e9 favorecido, contribuindo para a realiza\u00e7\u00e3o de tarefas de interesse do grupo. A decora\u00e7\u00e3o dos espa\u00e7os comuns vai variando com o ritmo das esta\u00e7\u00f5es e \u00e9 suportada por trabalhos realizados pelas residentes.<\/p>\n<p style=\"font-weight: 400; text-align: justify;\">As iniciativas conjuntas com crian\u00e7as, favorecendo os contactos intergeracionais, mobilizam as capacidades criativas das residentes e s\u00e3o sempre motivo de muita satisfa\u00e7\u00e3o.<\/p>\n<p style=\"font-weight: 400; text-align: justify;\">As atividades musicais com o apoio de estagi\u00e1rios, s\u00e3o muito participadas e estimuladoras de mem\u00f3rias antigas.<\/p>\n<p style=\"font-weight: 400; text-align: justify;\">As atividades regulares de car\u00e1cter religioso, s\u00e3o seguidas pelas residentes que o desejam.<\/p>\n<p style=\"font-weight: 400; text-align: justify;\">A presen\u00e7a de familiares \u00e9 facilitada e fomentada, tanto no dia a dia como em eventos festivos.\u00a0<\/p>\n<p style=\"text-align: justify;\">\n<p style=\"text-align: justify;\">\n<p>[\/et_pb_text][\/et_pb_column][\/et_pb_row][\/et_pb_section][et_pb_section fb_built=&#8221;1&#8243; _builder_version=&#8221;4.23.1&#8243; background_enable_image=&#8221;off&#8221; min_height=&#8221;112px&#8221; custom_margin=&#8221;43px||0px||false|false&#8221; custom_padding=&#8221;0px||0px||false|false&#8221; top_divider_style=&#8221;wave2&#8243; top_divider_color=&#8221;#0C71C3&#8243; global_colors_info=&#8221;{}&#8221;][et_pb_row _builder_version=&#8221;4.23.1&#8243; background_size=&#8221;initial&#8221; background_position=&#8221;top_left&#8221; background_repeat=&#8221;repeat&#8221; min_height=&#8221;439.7px&#8221; custom_margin=&#8221;-44px|auto|-55px|auto|false|false&#8221; custom_padding=&#8221;81px||||false|false&#8221; global_colors_info=&#8221;{}&#8221;][et_pb_column type=&#8221;4_4&#8243; _builder_version=&#8221;4.16&#8243; custom_padding=&#8221;|||&#8221; global_colors_info=&#8221;{}&#8221; custom_padding__hover=&#8221;|||&#8221;][et_pb_text _builder_version=&#8221;4.18.0&#8243; _module_preset=&#8221;default&#8221; text_line_height=&#8221;1.8em&#8221; min_height=&#8221;38px&#8221; custom_margin=&#8221;||57px|||&#8221; custom_padding=&#8221;14px|||||&#8221; global_colors_info=&#8221;{}&#8221;]<\/p>\n<h1 style=\"text-align: justify;\"><span style=\"color: #000000;\"><span style=\"caret-color: #000000;\">\u00daLTIMOS ACONTECIMENTOS<\/span><\/span><\/h1>\n<p style=\"text-align: justify;\">\n<p>[\/et_pb_text][\/et_pb_column][\/et_pb_row][et_pb_row column_structure=&#8221;1_4,1_4,1_4,1_4&#8243; _builder_version=&#8221;4.23.1&#8243; background_size=&#8221;initial&#8221; background_position=&#8221;top_left&#8221; background_repeat=&#8221;repeat&#8221; min_height=&#8221;698.6px&#8221; custom_margin=&#8221;-242px|auto|0px|auto|false|false&#8221; custom_padding=&#8221;8px||||false|false&#8221; global_colors_info=&#8221;{}&#8221;][et_pb_column type=&#8221;1_4&#8243; _builder_version=&#8221;4.16&#8243; custom_padding=&#8221;|||&#8221; global_colors_info=&#8221;{}&#8221; custom_padding__hover=&#8221;|||&#8221;][et_pb_text _builder_version=&#8221;4.23.1&#8243; _module_preset=&#8221;default&#8221; text_font=&#8221;|600|||||||&#8221; text_text_color=&#8221;#0C71C3&#8243; text_font_size=&#8221;22px&#8221; global_colors_info=&#8221;{}&#8221;]<\/p>\n<p style=\"text-align: center;\"><strong>Dia das Boas A\u00e7\u00f5es<\/strong><\/p>\n<p>[\/et_pb_text][et_pb_image src=&#8221;https:\/\/recolhimentolapa.pt\/wp-content\/uploads\/2023\/07\/IMG_5275-rotated.jpg&#8221; alt=&#8221;Teatro 2 Recolhimento Lapa&#8221; title_text=&#8221;Teatro 2 Recolhimento Lapa&#8221; _builder_version=&#8221;4.23.4&#8243; _module_preset=&#8221;default&#8221; global_colors_info=&#8221;{}&#8221;][\/et_pb_image][et_pb_text _builder_version=&#8221;4.23.1&#8243; _module_preset=&#8221;default&#8221; global_colors_info=&#8221;{}&#8221;]<\/p>\n<p>No dia das boas a\u00e7\u00f5es as crian\u00e7as do Externato O Lar da Crian\u00e7a, vieram ver um teatro representados pelas Senhoras do Recolhimento.<\/p>\n<p>[\/et_pb_text][\/et_pb_column][et_pb_column type=&#8221;1_4&#8243; _builder_version=&#8221;4.16&#8243; custom_padding=&#8221;|||&#8221; global_colors_info=&#8221;{}&#8221; custom_padding__hover=&#8221;|||&#8221;][et_pb_text _builder_version=&#8221;4.23.1&#8243; _module_preset=&#8221;default&#8221; text_font=&#8221;|600|||||||&#8221; text_text_color=&#8221;#0C71C3&#8243; text_font_size=&#8221;22px&#8221; locked=&#8221;off&#8221; global_colors_info=&#8221;{}&#8221;]<\/p>\n<p style=\"text-align: center;\"><strong>P\u00e3o por Deus<\/strong><\/p>\n<p>[\/et_pb_text][et_pb_text _builder_version=&#8221;4.23.1&#8243; _module_preset=&#8221;default&#8221; global_colors_info=&#8221;{}&#8221;]<\/p>\n<p>Foi a vez das crian\u00e7as do Patronato trazerem \u00e0s nossas Residentes o &#8220;p\u00e3o por Deus&#8221; j\u00e1 antiga tradi\u00e7\u00e3o.<\/p>\n<p>[\/et_pb_text][et_pb_image src=&#8221;https:\/\/recolhimentolapa.pt\/wp-content\/uploads\/2023\/11\/IMG_7627-rotated.jpg&#8221; alt=&#8221;Diferentes gera\u00e7\u00f5es&#8221; title_text=&#8221;Diferentes gera\u00e7\u00f5es&#8221; _builder_version=&#8221;4.23.4&#8243; _module_preset=&#8221;default&#8221; global_colors_info=&#8221;{}&#8221;][\/et_pb_image][\/et_pb_column][et_pb_column type=&#8221;1_4&#8243; _builder_version=&#8221;4.16&#8243; custom_padding=&#8221;|||&#8221; global_colors_info=&#8221;{}&#8221; custom_padding__hover=&#8221;|||&#8221;][et_pb_text _builder_version=&#8221;4.23.1&#8243; _module_preset=&#8221;default&#8221; text_font=&#8221;|600|||||||&#8221; text_text_color=&#8221;#0C71C3&#8243; text_font_size=&#8221;22px&#8221; global_colors_info=&#8221;{}&#8221;]<\/p>\n<p style=\"text-align: center;\"><strong>Dia das Fam\u00edlias<\/strong><\/p>\n<p>[\/et_pb_text][et_pb_image src=&#8221;https:\/\/recolhimentolapa.pt\/wp-content\/uploads\/2023\/11\/IMG_5694.jpg&#8221; alt=&#8221;Recolhimento Lapa- Dia da fam\u00edlia 3&#8243; title_text=&#8221;IMG_5694&#8243; _builder_version=&#8221;4.23.4&#8243; _module_preset=&#8221;default&#8221; global_colors_info=&#8221;{}&#8221;][\/et_pb_image][et_pb_text _builder_version=&#8221;4.23.1&#8243; _module_preset=&#8221;default&#8221; global_colors_info=&#8221;{}&#8221;]<\/p>\n<p>Em reuni\u00e3o e promovendo a intera\u00e7\u00e3o das fam\u00edlias com as suas respectiva residente, a tarde foi de alegria e diferente para todos.<\/p>\n<p>[\/et_pb_text][et_pb_text _builder_version=&#8221;4.27.4&#8243; _module_preset=&#8221;default&#8221; text_font=&#8221;|600|||||||&#8221; text_text_color=&#8221;#0C71C3&#8243; text_font_size=&#8221;22px&#8221; hover_enabled=&#8221;0&#8243; global_colors_info=&#8221;{}&#8221; sticky_enabled=&#8221;0&#8243;]<\/p>\n<p style=\"text-align: center;\"><strong>Visita Museu <br \/>Arte Antiga<\/strong><\/p>\n<p>[\/et_pb_text][et_pb_image src=&#8221;https:\/\/recolhimentolapa.pt\/wp-content\/uploads\/2025\/03\/43a1dabf-c58c-420c-b280-2695f3e25c91.jpg&#8221; alt=&#8221;Recolhimento Lapa- Dia da fam\u00edlia 3&#8243; title_text=&#8221;43a1dabf-c58c-420c-b280-2695f3e25c91&#8243; _builder_version=&#8221;4.27.4&#8243; _module_preset=&#8221;default&#8221; hover_enabled=&#8221;0&#8243; global_colors_info=&#8221;{}&#8221; sticky_enabled=&#8221;0&#8243;][\/et_pb_image][et_pb_text _builder_version=&#8221;4.27.4&#8243; _module_preset=&#8221;default&#8221; hover_enabled=&#8221;0&#8243; global_colors_info=&#8221;{}&#8221; sticky_enabled=&#8221;0&#8243;]<\/p>\n<p>No passado dia 26 de fevereiro de 2025 as residentes puderam visitar o museu de Arte \u00a0Antiga e fazer contemplar este bel\u00edssimo museu.<\/p>\n<p>[\/et_pb_text][\/et_pb_column][et_pb_column _builder_version=&#8221;4.27.4&#8243; _module_preset=&#8221;default&#8221; type=&#8221;1_4&#8243;][et_pb_text _builder_version=&#8221;4.23.4&#8243; _module_preset=&#8221;default&#8221; text_font=&#8221;|600|||||||&#8221; text_text_color=&#8221;#0C71C3&#8243; text_font_size=&#8221;22px&#8221; text_line_height=&#8221;0.4em&#8221; global_colors_info=&#8221;{}&#8221;]<\/p>\n<p style=\"text-align: center;\"><strong>Teatro <\/strong><\/p>\n<p style=\"text-align: center;\"><strong>de S\u00e3o Martinho<\/strong><\/p>\n<p>[\/et_pb_text][et_pb_image src=&#8221;https:\/\/recolhimentolapa.pt\/wp-content\/uploads\/2023\/11\/IMG_7684-rotated.jpg&#8221; alt=&#8221;Teatro 2 Recolhimento Lapa&#8221; title_text=&#8221;Teatro 2 Recolhimento Lapa&#8221; _builder_version=&#8221;4.23.4&#8243; _module_preset=&#8221;default&#8221; global_colors_info=&#8221;{}&#8221;][\/et_pb_image][et_pb_text _builder_version=&#8221;4.23.1&#8243; _module_preset=&#8221;default&#8221; global_colors_info=&#8221;{}&#8221;]<\/p>\n<p>Foi a vez das crian\u00e7as do Patronato trazerem \u00e0s nossas Residentes o &#8220;p\u00e3o por Deus&#8221; j\u00e1 antiga tradi\u00e7\u00e3o.<\/p>\n<p>[\/et_pb_text][\/et_pb_column][\/et_pb_row][\/et_pb_section]<\/p>\n","protected":false},"excerpt":{"rendered":"<p>A cada Vida a sua AtividadeO problema do envelhecimento consiste em que a pessoa o aceite, compreenda o seu sentido e o torne realidade. Mas h\u00e1 que acrescentar ainda outra coisa: depende tamb\u00e9m muito que, por seu lado, a sociedade aceite a velhice e lhe reconhe\u00e7a, honrada e amavelmente, o direito \u00e0 vida que lhe [&hellip;]<\/p>\n","protected":false},"author":2,"featured_media":0,"parent":0,"menu_order":0,"comment_status":"closed","ping_status":"closed","template":"","meta":{"_et_pb_use_builder":"on","_et_pb_old_content":"","_et_gb_content_width":"","footnotes":""},"class_list":["post-265","page","type-page","status-publish","hentry"],"yoast_head":"<!-- This site is optimized with the Yoast SEO plugin v25.3.1 - https:\/\/yoast.com\/wordpress\/plugins\/seo\/ -->\n<title>VAL\u00caNCIAS E ATIVIDADES - Recolhimento da Lapa<\/title>\n<meta name=\"description\" content=\"O Recolhimento da Lapa \u00e9 uma Estrutura Residencial para Pessoas Idosas (ERPI) e Centro de Dia, conhe\u00e7a as nossas atividades.\" \/>\n<meta name=\"robots\" content=\"index, follow, max-snippet:-1, max-image-preview:large, max-video-preview:-1\" \/>\n<link rel=\"canonical\" href=\"https:\/\/recolhimentolapa.pt\/index.php\/valencias-e-atividades-a-cada-vida-a-sua-atividade\/\" \/>\n<meta property=\"og:locale\" content=\"pt_PT\" \/>\n<meta property=\"og:type\" content=\"article\" \/>\n<meta property=\"og:title\" content=\"VAL\u00caNCIAS E ATIVIDADES - Recolhimento da Lapa\" \/>\n<meta property=\"og:description\" content=\"O Recolhimento da Lapa \u00e9 uma Estrutura Residencial para Pessoas Idosas (ERPI) e Centro de Dia, conhe\u00e7a as nossas atividades.\" \/>\n<meta property=\"og:url\" content=\"https:\/\/recolhimentolapa.pt\/index.php\/valencias-e-atividades-a-cada-vida-a-sua-atividade\/\" \/>\n<meta property=\"og:site_name\" content=\"Recolhimento da Lapa\" \/>\n<meta property=\"article:modified_time\" content=\"2025-03-24T15:53:00+00:00\" \/>\n<meta name=\"twitter:card\" content=\"summary_large_image\" \/>\n<meta name=\"twitter:label1\" content=\"Tempo estimado de leitura\" \/>\n\t<meta name=\"twitter:data1\" content=\"4 minutos\" \/>\n<script type=\"application\/ld+json\" class=\"yoast-schema-graph\">{\"@context\":\"https:\/\/schema.org\",\"@graph\":[{\"@type\":\"WebPage\",\"@id\":\"https:\/\/recolhimentolapa.pt\/index.php\/valencias-e-atividades-a-cada-vida-a-sua-atividade\/\",\"url\":\"https:\/\/recolhimentolapa.pt\/index.php\/valencias-e-atividades-a-cada-vida-a-sua-atividade\/\",\"name\":\"VAL\u00caNCIAS E ATIVIDADES - Recolhimento da Lapa\",\"isPartOf\":{\"@id\":\"https:\/\/recolhimentolapa.pt\/#website\"},\"datePublished\":\"2023-09-20T14:10:13+00:00\",\"dateModified\":\"2025-03-24T15:53:00+00:00\",\"description\":\"O Recolhimento da Lapa \u00e9 uma Estrutura Residencial para Pessoas Idosas (ERPI) e Centro de Dia, conhe\u00e7a as nossas atividades.\",\"breadcrumb\":{\"@id\":\"https:\/\/recolhimentolapa.pt\/index.php\/valencias-e-atividades-a-cada-vida-a-sua-atividade\/#breadcrumb\"},\"inLanguage\":\"pt-PT\",\"potentialAction\":[{\"@type\":\"ReadAction\",\"target\":[\"https:\/\/recolhimentolapa.pt\/index.php\/valencias-e-atividades-a-cada-vida-a-sua-atividade\/\"]}]},{\"@type\":\"BreadcrumbList\",\"@id\":\"https:\/\/recolhimentolapa.pt\/index.php\/valencias-e-atividades-a-cada-vida-a-sua-atividade\/#breadcrumb\",\"itemListElement\":[{\"@type\":\"ListItem\",\"position\":1,\"name\":\"In\u00edcio\",\"item\":\"https:\/\/recolhimentolapa.pt\/\"},{\"@type\":\"ListItem\",\"position\":2,\"name\":\"VAL\u00caNCIAS E ATIVIDADES\"}]},{\"@type\":\"WebSite\",\"@id\":\"https:\/\/recolhimentolapa.pt\/#website\",\"url\":\"https:\/\/recolhimentolapa.pt\/\",\"name\":\"Recolhimento da Lapa\",\"description\":\"Informa\u00e7\u00e3o sobre o Recolhimento da Lapa\",\"publisher\":{\"@id\":\"https:\/\/recolhimentolapa.pt\/#organization\"},\"potentialAction\":[{\"@type\":\"SearchAction\",\"target\":{\"@type\":\"EntryPoint\",\"urlTemplate\":\"https:\/\/recolhimentolapa.pt\/?s={search_term_string}\"},\"query-input\":{\"@type\":\"PropertyValueSpecification\",\"valueRequired\":true,\"valueName\":\"search_term_string\"}}],\"inLanguage\":\"pt-PT\"},{\"@type\":\"Organization\",\"@id\":\"https:\/\/recolhimentolapa.pt\/#organization\",\"name\":\"Recolhimento Nossa Senhora do Carmo da Lapa\",\"url\":\"https:\/\/recolhimentolapa.pt\/\",\"logo\":{\"@type\":\"ImageObject\",\"inLanguage\":\"pt-PT\",\"@id\":\"https:\/\/recolhimentolapa.pt\/#\/schema\/logo\/image\/\",\"url\":\"https:\/\/recolhimentolapa.pt\/wp-content\/uploads\/2022\/05\/ICON.jpg\",\"contentUrl\":\"https:\/\/recolhimentolapa.pt\/wp-content\/uploads\/2022\/05\/ICON.jpg\",\"width\":512,\"height\":512,\"caption\":\"Recolhimento Nossa Senhora do Carmo da Lapa\"},\"image\":{\"@id\":\"https:\/\/recolhimentolapa.pt\/#\/schema\/logo\/image\/\"}}]}<\/script>\n<!-- \/ Yoast SEO plugin. -->","yoast_head_json":{"title":"VAL\u00caNCIAS E ATIVIDADES - Recolhimento da Lapa","description":"O Recolhimento da Lapa \u00e9 uma Estrutura Residencial para Pessoas Idosas (ERPI) e Centro de Dia, conhe\u00e7a as nossas atividades.","robots":{"index":"index","follow":"follow","max-snippet":"max-snippet:-1","max-image-preview":"max-image-preview:large","max-video-preview":"max-video-preview:-1"},"canonical":"https:\/\/recolhimentolapa.pt\/index.php\/valencias-e-atividades-a-cada-vida-a-sua-atividade\/","og_locale":"pt_PT","og_type":"article","og_title":"VAL\u00caNCIAS E ATIVIDADES - Recolhimento da Lapa","og_description":"O Recolhimento da Lapa \u00e9 uma Estrutura Residencial para Pessoas Idosas (ERPI) e Centro de Dia, conhe\u00e7a as nossas atividades.","og_url":"https:\/\/recolhimentolapa.pt\/index.php\/valencias-e-atividades-a-cada-vida-a-sua-atividade\/","og_site_name":"Recolhimento da Lapa","article_modified_time":"2025-03-24T15:53:00+00:00","twitter_card":"summary_large_image","twitter_misc":{"Tempo estimado de leitura":"4 minutos"},"schema":{"@context":"https:\/\/schema.org","@graph":[{"@type":"WebPage","@id":"https:\/\/recolhimentolapa.pt\/index.php\/valencias-e-atividades-a-cada-vida-a-sua-atividade\/","url":"https:\/\/recolhimentolapa.pt\/index.php\/valencias-e-atividades-a-cada-vida-a-sua-atividade\/","name":"VAL\u00caNCIAS E ATIVIDADES - Recolhimento da Lapa","isPartOf":{"@id":"https:\/\/recolhimentolapa.pt\/#website"},"datePublished":"2023-09-20T14:10:13+00:00","dateModified":"2025-03-24T15:53:00+00:00","description":"O Recolhimento da Lapa \u00e9 uma Estrutura Residencial para Pessoas Idosas (ERPI) e Centro de Dia, conhe\u00e7a as nossas atividades.","breadcrumb":{"@id":"https:\/\/recolhimentolapa.pt\/index.php\/valencias-e-atividades-a-cada-vida-a-sua-atividade\/#breadcrumb"},"inLanguage":"pt-PT","potentialAction":[{"@type":"ReadAction","target":["https:\/\/recolhimentolapa.pt\/index.php\/valencias-e-atividades-a-cada-vida-a-sua-atividade\/"]}]},{"@type":"BreadcrumbList","@id":"https:\/\/recolhimentolapa.pt\/index.php\/valencias-e-atividades-a-cada-vida-a-sua-atividade\/#breadcrumb","itemListElement":[{"@type":"ListItem","position":1,"name":"In\u00edcio","item":"https:\/\/recolhimentolapa.pt\/"},{"@type":"ListItem","position":2,"name":"VAL\u00caNCIAS E ATIVIDADES"}]},{"@type":"WebSite","@id":"https:\/\/recolhimentolapa.pt\/#website","url":"https:\/\/recolhimentolapa.pt\/","name":"Recolhimento da Lapa","description":"Informa\u00e7\u00e3o sobre o Recolhimento da Lapa","publisher":{"@id":"https:\/\/recolhimentolapa.pt\/#organization"},"potentialAction":[{"@type":"SearchAction","target":{"@type":"EntryPoint","urlTemplate":"https:\/\/recolhimentolapa.pt\/?s={search_term_string}"},"query-input":{"@type":"PropertyValueSpecification","valueRequired":true,"valueName":"search_term_string"}}],"inLanguage":"pt-PT"},{"@type":"Organization","@id":"https:\/\/recolhimentolapa.pt\/#organization","name":"Recolhimento Nossa Senhora do Carmo da Lapa","url":"https:\/\/recolhimentolapa.pt\/","logo":{"@type":"ImageObject","inLanguage":"pt-PT","@id":"https:\/\/recolhimentolapa.pt\/#\/schema\/logo\/image\/","url":"https:\/\/recolhimentolapa.pt\/wp-content\/uploads\/2022\/05\/ICON.jpg","contentUrl":"https:\/\/recolhimentolapa.pt\/wp-content\/uploads\/2022\/05\/ICON.jpg","width":512,"height":512,"caption":"Recolhimento Nossa Senhora do Carmo da Lapa"},"image":{"@id":"https:\/\/recolhimentolapa.pt\/#\/schema\/logo\/image\/"}}]}},"_links":{"self":[{"href":"https:\/\/recolhimentolapa.pt\/index.php\/wp-json\/wp\/v2\/pages\/265","targetHints":{"allow":["GET"]}}],"collection":[{"href":"https:\/\/recolhimentolapa.pt\/index.php\/wp-json\/wp\/v2\/pages"}],"about":[{"href":"https:\/\/recolhimentolapa.pt\/index.php\/wp-json\/wp\/v2\/types\/page"}],"author":[{"embeddable":true,"href":"https:\/\/recolhimentolapa.pt\/index.php\/wp-json\/wp\/v2\/users\/2"}],"replies":[{"embeddable":true,"href":"https:\/\/recolhimentolapa.pt\/index.php\/wp-json\/wp\/v2\/comments?post=265"}],"version-history":[{"count":48,"href":"https:\/\/recolhimentolapa.pt\/index.php\/wp-json\/wp\/v2\/pages\/265\/revisions"}],"predecessor-version":[{"id":1171,"href":"https:\/\/recolhimentolapa.pt\/index.php\/wp-json\/wp\/v2\/pages\/265\/revisions\/1171"}],"wp:attachment":[{"href":"https:\/\/recolhimentolapa.pt\/index.php\/wp-json\/wp\/v2\/media?parent=265"}],"curies":[{"name":"wp","href":"https:\/\/api.w.org\/{rel}","templated":true}]}}