{"id":390,"date":"2023-04-17T14:44:03","date_gmt":"2023-04-17T13:44:03","guid":{"rendered":"https:\/\/recolhimentolapa.pt\/?page_id=390"},"modified":"2024-01-17T11:48:38","modified_gmt":"2024-01-17T11:48:38","slug":"admissao","status":"publish","type":"page","link":"https:\/\/recolhimentolapa.pt\/index.php\/admissao\/","title":{"rendered":"ADMISS\u00c3O"},"content":{"rendered":"<p>[et_pb_section fb_built=&#8221;1&#8243; _builder_version=&#8221;4.23.4&#8243; _module_preset=&#8221;default&#8221; background_image=&#8221;https:\/\/recolhimentolapa.pt\/wp-content\/uploads\/2022\/09\/F0CAFBC1-8267-43CD-83D1-3A457191BD9C_1_105_c-1.jpg&#8221; min_height=&#8221;480px&#8221; custom_margin=&#8221;||-140px|||&#8221; hover_enabled=&#8221;0&#8243; global_colors_info=&#8221;{}&#8221; alt=&#8221;M\u00e3os dadas ERPI Recolhimento Lapa&#8221; title_text=&#8221;M\u00c3OS DADAS &#8211; ERPI&#8221; sticky_enabled=&#8221;0&#8243;][et_pb_row _builder_version=&#8221;4.20.4&#8243; _module_preset=&#8221;default&#8221; min_height=&#8221;168px&#8221; global_colors_info=&#8221;{}&#8221;][et_pb_column type=&#8221;4_4&#8243; _builder_version=&#8221;4.20.4&#8243; _module_preset=&#8221;default&#8221; global_colors_info=&#8221;{}&#8221;][et_pb_text _builder_version=&#8221;4.23.4&#8243; _module_preset=&#8221;default&#8221; text_font=&#8221;|700|||||||&#8221; text_font_size=&#8221;1px&#8221; text_line_height=&#8221;1.3em&#8221; header_font=&#8221;|700|||||||&#8221; header_font_size=&#8221;52px&#8221; min_height=&#8221;108px&#8221; custom_margin=&#8221;150px|||||&#8221; custom_padding=&#8221;||3px|||&#8221; header_text_shadow_style=&#8221;preset2&#8243; header_text_shadow_horizontal_length=&#8221;0.09em&#8221; header_text_shadow_vertical_length=&#8221;0.07em&#8221; header_text_shadow_blur_strength=&#8221;0.06em&#8221; header_text_shadow_color=&#8221;rgba(0,0,0,0.63)&#8221; locked=&#8221;off&#8221; global_colors_info=&#8221;{}&#8221;]<\/p>\n<h1 style=\"text-align: center;\"><strong style=\"color: #ffffff; font-size: 52px;\">Admiss\u00e3o: entre nesta Fam\u00edlia<\/strong><\/h1>\n<p>[\/et_pb_text][\/et_pb_column][\/et_pb_row][\/et_pb_section][et_pb_section fb_built=&#8221;1&#8243; _builder_version=&#8221;4.20.4&#8243; _module_preset=&#8221;default&#8221; background_enable_image=&#8221;off&#8221; min_height=&#8221;340px&#8221; custom_margin=&#8221;139px||-78px|||&#8221; global_colors_info=&#8221;{}&#8221;][et_pb_row _builder_version=&#8221;4.21.0&#8243; _module_preset=&#8221;default&#8221; global_colors_info=&#8221;{}&#8221;][et_pb_column type=&#8221;4_4&#8243; _builder_version=&#8221;4.21.0&#8243; _module_preset=&#8221;default&#8221; global_colors_info=&#8221;{}&#8221;][et_pb_text _builder_version=&#8221;4.21.0&#8243; _module_preset=&#8221;default&#8221; text_font=&#8221;|300|||||||&#8221; text_text_color=&#8221;rgba(0,0,0,0.7)&#8221; text_line_height=&#8221;1.4em&#8221; text_orientation=&#8221;justified&#8221; global_colors_info=&#8221;{}&#8221;]<\/p>\n<div>\n<p style=\"text-align: justify;\"><strong><span lang=\"PT\">O<\/span><\/strong><span lang=\"PT\"><strong> Recolhimento de Nossa Senhora do Carmo da Lapa (RNSCL)<\/strong>, <\/span><span lang=\"PT\">em termos de estrutura residencial,<\/span><span lang=\"PT\"> tem como objetivo integrar <\/span><span lang=\"PT\">s<\/span><span lang=\"PT\">enhoras que tenham dificuldad<\/span><span lang=\"PT\">e<\/span><span lang=\"PT\"> em viver sozinhas, <\/span><span lang=\"PT\">proporcionando-lhes o apoio necess\u00e1rio para que se sintam integradas numa &#8220;nova&#8221; fam\u00edlia, respeitando a individualidade de cada uma.<o:p><\/o:p><\/span><\/p>\n<p style=\"text-align: justify;\"><span lang=\"PT\"><\/span><\/p>\n<\/div>\n<div style=\"text-align: justify;\">\n<p><span lang=\"PT\">No centro de Dia, <\/span><span lang=\"PT\">aberto a ambos os sexos,<\/span><span lang=\"PT\"> <\/span><span lang=\"PT\">\u00e9 acolhido<\/span><span lang=\"PT\"> quem se sinta sozinho(a) e queira conv<\/span><span lang=\"PT\">iver, <\/span><span lang=\"PT\"><\/span><span lang=\"PT\">podendo<\/span><span lang=\"PT\"> <\/span><span lang=\"PT\">beneficiar de servi\u00e7os que o <strong>RNSCL<\/strong> proporciona.<\/span><span lang=\"PT\"><o:p><\/o:p><\/span><\/p>\n<p><span lang=\"PT\"><\/span><\/p>\n<\/div>\n<div>\n<p style=\"text-align: justify;\"><span lang=\"PT\">O <strong>RNSCL<\/strong> disp\u00f5e de apoio de M\u00e9dico e Enfermeiro adequados \u00e0s necessidades espec\u00edficas desta fase da vida.<o:p><\/o:p><\/span><\/p>\n<\/div>\n<p>[\/et_pb_text][\/et_pb_column][\/et_pb_row][et_pb_row column_structure=&#8221;1_3,1_3,1_3&#8243; _builder_version=&#8221;4.20.4&#8243; _module_preset=&#8221;default&#8221; custom_padding=&#8221;5px|||||&#8221; global_colors_info=&#8221;{}&#8221;][et_pb_column type=&#8221;1_3&#8243; _builder_version=&#8221;4.20.4&#8243; _module_preset=&#8221;default&#8221; global_colors_info=&#8221;{}&#8221;][et_pb_image src=&#8221;https:\/\/recolhimentolapa.pt\/wp-content\/uploads\/2022\/09\/hand-gf45c63a6c_1920.jpg&#8221; title_text=&#8221;M\u00e3os + livro&#8221; _builder_version=&#8221;4.23.4&#8243; _module_preset=&#8221;default&#8221; hover_enabled=&#8221;0&#8243; global_colors_info=&#8221;{}&#8221; alt=&#8221;M\u00e3os + livro&#8221; sticky_enabled=&#8221;0&#8243;][\/et_pb_image][\/et_pb_column][et_pb_column type=&#8221;1_3&#8243; _builder_version=&#8221;4.20.4&#8243; _module_preset=&#8221;default&#8221; global_colors_info=&#8221;{}&#8221;][et_pb_image src=&#8221;https:\/\/recolhimentolapa.pt\/wp-content\/uploads\/2022\/11\/DSC_9350-scaled.jpg&#8221; title_text=&#8221;M\u00c1QUINA DE COSTURA&#8221; _builder_version=&#8221;4.23.4&#8243; _module_preset=&#8221;default&#8221; hover_enabled=&#8221;0&#8243; global_colors_info=&#8221;{}&#8221; alt=&#8221;M\u00e1quina de costura antiga&#8221; sticky_enabled=&#8221;0&#8243;][\/et_pb_image][\/et_pb_column][et_pb_column type=&#8221;1_3&#8243; _builder_version=&#8221;4.20.4&#8243; _module_preset=&#8221;default&#8221; global_colors_info=&#8221;{}&#8221;][et_pb_image src=&#8221;https:\/\/recolhimentolapa.pt\/wp-content\/uploads\/2023\/07\/IMG_5283-rotated-e1689671641351.jpg&#8221; title_text=&#8221;Residente ERPI Recolhimento Lapa&#8221; _builder_version=&#8221;4.23.4&#8243; _module_preset=&#8221;default&#8221; width=&#8221;89%&#8221; hover_enabled=&#8221;0&#8243; global_colors_info=&#8221;{}&#8221; alt=&#8221;Residente ERPI Recolhimento Lapa&#8221; sticky_enabled=&#8221;0&#8243;][\/et_pb_image][\/et_pb_column][\/et_pb_row][\/et_pb_section][et_pb_section fb_built=&#8221;1&#8243; _builder_version=&#8221;4.22.2&#8243; _module_preset=&#8221;default&#8221; custom_margin=&#8221;50px|||||&#8221; top_divider_style=&#8221;wave2&#8243; top_divider_color=&#8221;rgba(62,134,193,0.87)&#8221; top_divider_flip=&#8221;vertical&#8221; global_colors_info=&#8221;{}&#8221;][et_pb_row _builder_version=&#8221;4.20.4&#8243; _module_preset=&#8221;default&#8221; global_colors_info=&#8221;{}&#8221;][et_pb_column type=&#8221;4_4&#8243; _builder_version=&#8221;4.20.4&#8243; _module_preset=&#8221;default&#8221; global_colors_info=&#8221;{}&#8221;][et_pb_image _builder_version=&#8221;4.20.4&#8243; _module_preset=&#8221;default&#8221; global_colors_info=&#8221;{}&#8221;][\/et_pb_image][\/et_pb_column][\/et_pb_row][et_pb_row column_structure=&#8221;2_5,3_5&#8243; _builder_version=&#8221;4.20.4&#8243; _module_preset=&#8221;default&#8221; custom_padding=&#8221;5px|||||&#8221; global_colors_info=&#8221;{}&#8221;][et_pb_column type=&#8221;2_5&#8243; _builder_version=&#8221;4.20.4&#8243; _module_preset=&#8221;default&#8221; global_colors_info=&#8221;{}&#8221;][et_pb_text _builder_version=&#8221;4.23.4&#8243; _module_preset=&#8221;default&#8221; global_colors_info=&#8221;{}&#8221;]<\/p>\n<h2>Admiss\u00e3o ao <strong>ERPI<\/strong> Recolhimento de Nossa Senhora da Lapa.<\/h2>\n<p>[\/et_pb_text][et_pb_text _builder_version=&#8221;4.23.4&#8243; _module_preset=&#8221;default&#8221; text_font=&#8221;|300|||||||&#8221; text_text_color=&#8221;rgba(0,0,0,0.7)&#8221; text_line_height=&#8221;1.4em&#8221; text_orientation=&#8221;justified&#8221; global_colors_info=&#8221;{}&#8221;]<\/p>\n<p style=\"text-align: justify;\">Preencha o formul\u00e1rio caso esteja interessado(a) em apresentar candidatura para entrada no <strong>Recolhimento de Nossa Senhora do Carmo da Lapa<\/strong>, seja em regime <strong>ERPI<\/strong> (regime residencial) ou <strong>Centro de Dia<\/strong> e entraremos em contacto, dando toda a informa\u00e7\u00e3o necess\u00e1ria.<\/p>\n<p>[\/et_pb_text][\/et_pb_column][et_pb_column type=&#8221;3_5&#8243; _builder_version=&#8221;4.20.4&#8243; _module_preset=&#8221;default&#8221; global_colors_info=&#8221;{}&#8221;][et_pb_contact_form submit_button_text=&#8221;Submeter&#8221; _builder_version=&#8221;4.22.1&#8243; _module_preset=&#8221;default&#8221; _unique_id=&#8221;63cdae79-2721-4c80-91ea-63eccb0eb393&#8243; global_colors_info=&#8221;{}&#8221;][et_pb_contact_field field_id=&#8221;Name&#8221; field_title=&#8221;Nome&#8221; fullwidth_field=&#8221;on&#8221; _builder_version=&#8221;4.21.0&#8243; global_colors_info=&#8221;{}&#8221; button_text_size__hover_enabled=&#8221;off&#8221; button_one_text_size__hover_enabled=&#8221;off&#8221; button_two_text_size__hover_enabled=&#8221;off&#8221; button_text_color__hover_enabled=&#8221;off&#8221; button_one_text_color__hover_enabled=&#8221;off&#8221; button_two_text_color__hover_enabled=&#8221;off&#8221; button_border_width__hover_enabled=&#8221;off&#8221; button_one_border_width__hover_enabled=&#8221;off&#8221; button_two_border_width__hover_enabled=&#8221;off&#8221; button_border_color__hover_enabled=&#8221;off&#8221; button_one_border_color__hover_enabled=&#8221;off&#8221; button_two_border_color__hover_enabled=&#8221;off&#8221; button_border_radius__hover_enabled=&#8221;off&#8221; button_one_border_radius__hover_enabled=&#8221;off&#8221; button_two_border_radius__hover_enabled=&#8221;off&#8221; button_letter_spacing__hover_enabled=&#8221;off&#8221; button_one_letter_spacing__hover_enabled=&#8221;off&#8221; button_two_letter_spacing__hover_enabled=&#8221;off&#8221; button_bg_color__hover_enabled=&#8221;off&#8221; button_one_bg_color__hover_enabled=&#8221;off&#8221; button_two_bg_color__hover_enabled=&#8221;off&#8221;][\/et_pb_contact_field][et_pb_contact_field field_id=&#8221;Email&#8221; field_title=&#8221;Email&#8221; field_type=&#8221;email&#8221; fullwidth_field=&#8221;on&#8221; _builder_version=&#8221;4.21.0&#8243; global_colors_info=&#8221;{}&#8221; button_text_size__hover_enabled=&#8221;off&#8221; button_one_text_size__hover_enabled=&#8221;off&#8221; button_two_text_size__hover_enabled=&#8221;off&#8221; button_text_color__hover_enabled=&#8221;off&#8221; button_one_text_color__hover_enabled=&#8221;off&#8221; button_two_text_color__hover_enabled=&#8221;off&#8221; button_border_width__hover_enabled=&#8221;off&#8221; button_one_border_width__hover_enabled=&#8221;off&#8221; button_two_border_width__hover_enabled=&#8221;off&#8221; button_border_color__hover_enabled=&#8221;off&#8221; button_one_border_color__hover_enabled=&#8221;off&#8221; button_two_border_color__hover_enabled=&#8221;off&#8221; button_border_radius__hover_enabled=&#8221;off&#8221; button_one_border_radius__hover_enabled=&#8221;off&#8221; button_two_border_radius__hover_enabled=&#8221;off&#8221; button_letter_spacing__hover_enabled=&#8221;off&#8221; button_one_letter_spacing__hover_enabled=&#8221;off&#8221; button_two_letter_spacing__hover_enabled=&#8221;off&#8221; button_bg_color__hover_enabled=&#8221;off&#8221; button_one_bg_color__hover_enabled=&#8221;off&#8221; button_two_bg_color__hover_enabled=&#8221;off&#8221;][\/et_pb_contact_field][et_pb_contact_field field_id=&#8221;Email_2&#8243; field_title=&#8221;Contato&#8221; field_type=&#8221;email&#8221; fullwidth_field=&#8221;on&#8221; _builder_version=&#8221;4.21.0&#8243; global_colors_info=&#8221;{}&#8221; button_text_size__hover_enabled=&#8221;off&#8221; button_one_text_size__hover_enabled=&#8221;off&#8221; button_two_text_size__hover_enabled=&#8221;off&#8221; button_text_color__hover_enabled=&#8221;off&#8221; button_one_text_color__hover_enabled=&#8221;off&#8221; button_two_text_color__hover_enabled=&#8221;off&#8221; button_border_width__hover_enabled=&#8221;off&#8221; button_one_border_width__hover_enabled=&#8221;off&#8221; button_two_border_width__hover_enabled=&#8221;off&#8221; button_border_color__hover_enabled=&#8221;off&#8221; button_one_border_color__hover_enabled=&#8221;off&#8221; button_two_border_color__hover_enabled=&#8221;off&#8221; button_border_radius__hover_enabled=&#8221;off&#8221; button_one_border_radius__hover_enabled=&#8221;off&#8221; button_two_border_radius__hover_enabled=&#8221;off&#8221; button_letter_spacing__hover_enabled=&#8221;off&#8221; button_one_letter_spacing__hover_enabled=&#8221;off&#8221; button_two_letter_spacing__hover_enabled=&#8221;off&#8221; button_bg_color__hover_enabled=&#8221;off&#8221; button_one_bg_color__hover_enabled=&#8221;off&#8221; button_two_bg_color__hover_enabled=&#8221;off&#8221;][\/et_pb_contact_field][et_pb_contact_field field_id=&#8221;Message&#8221; field_title=&#8221;Mensagem&#8221; field_type=&#8221;text&#8221; fullwidth_field=&#8221;on&#8221; _builder_version=&#8221;4.22.1&#8243; global_colors_info=&#8221;{}&#8221; button_text_size__hover_enabled=&#8221;off&#8221; button_one_text_size__hover_enabled=&#8221;off&#8221; button_two_text_size__hover_enabled=&#8221;off&#8221; button_text_color__hover_enabled=&#8221;off&#8221; button_one_text_color__hover_enabled=&#8221;off&#8221; button_two_text_color__hover_enabled=&#8221;off&#8221; button_border_width__hover_enabled=&#8221;off&#8221; button_one_border_width__hover_enabled=&#8221;off&#8221; button_two_border_width__hover_enabled=&#8221;off&#8221; button_border_color__hover_enabled=&#8221;off&#8221; button_one_border_color__hover_enabled=&#8221;off&#8221; button_two_border_color__hover_enabled=&#8221;off&#8221; button_border_radius__hover_enabled=&#8221;off&#8221; button_one_border_radius__hover_enabled=&#8221;off&#8221; button_two_border_radius__hover_enabled=&#8221;off&#8221; button_letter_spacing__hover_enabled=&#8221;off&#8221; button_one_letter_spacing__hover_enabled=&#8221;off&#8221; button_two_letter_spacing__hover_enabled=&#8221;off&#8221; button_bg_color__hover_enabled=&#8221;off&#8221; button_one_bg_color__hover_enabled=&#8221;off&#8221; button_two_bg_color__hover_enabled=&#8221;off&#8221;][\/et_pb_contact_field][\/et_pb_contact_form][\/et_pb_column][\/et_pb_row][\/et_pb_section]<\/p>\n","protected":false},"excerpt":{"rendered":"<p>Admiss\u00e3o: entre nesta Fam\u00edlia O Recolhimento de Nossa Senhora do Carmo da Lapa (RNSCL), em termos de estrutura residencial, tem como objetivo integrar senhoras que tenham dificuldade em viver sozinhas, proporcionando-lhes o apoio necess\u00e1rio para que se sintam integradas numa &#8220;nova&#8221; fam\u00edlia, respeitando a individualidade de cada uma. No centro de Dia, aberto a ambos [&hellip;]<\/p>\n","protected":false},"author":2,"featured_media":0,"parent":0,"menu_order":0,"comment_status":"closed","ping_status":"closed","template":"","meta":{"_et_pb_use_builder":"on","_et_pb_old_content":"","_et_gb_content_width":"","footnotes":""},"class_list":["post-390","page","type-page","status-publish","hentry"],"yoast_head":"<!-- This site is optimized with the Yoast SEO plugin v25.3.1 - https:\/\/yoast.com\/wordpress\/plugins\/seo\/ -->\n<title>ADMISS\u00c3O - Recolhimento da Lapa<\/title>\n<meta name=\"description\" content=\"Como pedir a admiss\u00e3o de residente na ERPI Recolhimento da Lapa. Preencha o formul\u00e1rio de admiss\u00e3o em linha.\" \/>\n<meta name=\"robots\" content=\"index, follow, max-snippet:-1, max-image-preview:large, max-video-preview:-1\" \/>\n<link rel=\"canonical\" href=\"https:\/\/recolhimentolapa.pt\/index.php\/admissao\/\" \/>\n<meta property=\"og:locale\" content=\"pt_PT\" \/>\n<meta property=\"og:type\" content=\"article\" \/>\n<meta property=\"og:title\" content=\"ADMISS\u00c3O - Recolhimento da Lapa\" \/>\n<meta property=\"og:description\" content=\"Como pedir a admiss\u00e3o de residente na ERPI Recolhimento da Lapa. Preencha o formul\u00e1rio de admiss\u00e3o em linha.\" \/>\n<meta property=\"og:url\" content=\"https:\/\/recolhimentolapa.pt\/index.php\/admissao\/\" \/>\n<meta property=\"og:site_name\" content=\"Recolhimento da Lapa\" \/>\n<meta property=\"article:modified_time\" content=\"2024-01-17T11:48:38+00:00\" \/>\n<meta name=\"twitter:card\" content=\"summary_large_image\" \/>\n<meta name=\"twitter:label1\" content=\"Tempo estimado de leitura\" \/>\n\t<meta name=\"twitter:data1\" content=\"2 minutos\" \/>\n<script type=\"application\/ld+json\" class=\"yoast-schema-graph\">{\"@context\":\"https:\/\/schema.org\",\"@graph\":[{\"@type\":\"WebPage\",\"@id\":\"https:\/\/recolhimentolapa.pt\/index.php\/admissao\/\",\"url\":\"https:\/\/recolhimentolapa.pt\/index.php\/admissao\/\",\"name\":\"ADMISS\u00c3O - Recolhimento da Lapa\",\"isPartOf\":{\"@id\":\"https:\/\/recolhimentolapa.pt\/#website\"},\"datePublished\":\"2023-04-17T13:44:03+00:00\",\"dateModified\":\"2024-01-17T11:48:38+00:00\",\"description\":\"Como pedir a admiss\u00e3o de residente na ERPI Recolhimento da Lapa. Preencha o formul\u00e1rio de admiss\u00e3o em linha.\",\"breadcrumb\":{\"@id\":\"https:\/\/recolhimentolapa.pt\/index.php\/admissao\/#breadcrumb\"},\"inLanguage\":\"pt-PT\",\"potentialAction\":[{\"@type\":\"ReadAction\",\"target\":[\"https:\/\/recolhimentolapa.pt\/index.php\/admissao\/\"]}]},{\"@type\":\"BreadcrumbList\",\"@id\":\"https:\/\/recolhimentolapa.pt\/index.php\/admissao\/#breadcrumb\",\"itemListElement\":[{\"@type\":\"ListItem\",\"position\":1,\"name\":\"In\u00edcio\",\"item\":\"https:\/\/recolhimentolapa.pt\/\"},{\"@type\":\"ListItem\",\"position\":2,\"name\":\"ADMISS\u00c3O\"}]},{\"@type\":\"WebSite\",\"@id\":\"https:\/\/recolhimentolapa.pt\/#website\",\"url\":\"https:\/\/recolhimentolapa.pt\/\",\"name\":\"Recolhimento da Lapa\",\"description\":\"Informa\u00e7\u00e3o sobre o Recolhimento da Lapa\",\"publisher\":{\"@id\":\"https:\/\/recolhimentolapa.pt\/#organization\"},\"potentialAction\":[{\"@type\":\"SearchAction\",\"target\":{\"@type\":\"EntryPoint\",\"urlTemplate\":\"https:\/\/recolhimentolapa.pt\/?s={search_term_string}\"},\"query-input\":{\"@type\":\"PropertyValueSpecification\",\"valueRequired\":true,\"valueName\":\"search_term_string\"}}],\"inLanguage\":\"pt-PT\"},{\"@type\":\"Organization\",\"@id\":\"https:\/\/recolhimentolapa.pt\/#organization\",\"name\":\"Recolhimento Nossa Senhora do Carmo da Lapa\",\"url\":\"https:\/\/recolhimentolapa.pt\/\",\"logo\":{\"@type\":\"ImageObject\",\"inLanguage\":\"pt-PT\",\"@id\":\"https:\/\/recolhimentolapa.pt\/#\/schema\/logo\/image\/\",\"url\":\"https:\/\/recolhimentolapa.pt\/wp-content\/uploads\/2022\/05\/ICON.jpg\",\"contentUrl\":\"https:\/\/recolhimentolapa.pt\/wp-content\/uploads\/2022\/05\/ICON.jpg\",\"width\":512,\"height\":512,\"caption\":\"Recolhimento Nossa Senhora do Carmo da Lapa\"},\"image\":{\"@id\":\"https:\/\/recolhimentolapa.pt\/#\/schema\/logo\/image\/\"}}]}<\/script>\n<!-- \/ Yoast SEO plugin. -->","yoast_head_json":{"title":"ADMISS\u00c3O - Recolhimento da Lapa","description":"Como pedir a admiss\u00e3o de residente na ERPI Recolhimento da Lapa. Preencha o formul\u00e1rio de admiss\u00e3o em linha.","robots":{"index":"index","follow":"follow","max-snippet":"max-snippet:-1","max-image-preview":"max-image-preview:large","max-video-preview":"max-video-preview:-1"},"canonical":"https:\/\/recolhimentolapa.pt\/index.php\/admissao\/","og_locale":"pt_PT","og_type":"article","og_title":"ADMISS\u00c3O - Recolhimento da Lapa","og_description":"Como pedir a admiss\u00e3o de residente na ERPI Recolhimento da Lapa. Preencha o formul\u00e1rio de admiss\u00e3o em linha.","og_url":"https:\/\/recolhimentolapa.pt\/index.php\/admissao\/","og_site_name":"Recolhimento da Lapa","article_modified_time":"2024-01-17T11:48:38+00:00","twitter_card":"summary_large_image","twitter_misc":{"Tempo estimado de leitura":"2 minutos"},"schema":{"@context":"https:\/\/schema.org","@graph":[{"@type":"WebPage","@id":"https:\/\/recolhimentolapa.pt\/index.php\/admissao\/","url":"https:\/\/recolhimentolapa.pt\/index.php\/admissao\/","name":"ADMISS\u00c3O - Recolhimento da Lapa","isPartOf":{"@id":"https:\/\/recolhimentolapa.pt\/#website"},"datePublished":"2023-04-17T13:44:03+00:00","dateModified":"2024-01-17T11:48:38+00:00","description":"Como pedir a admiss\u00e3o de residente na ERPI Recolhimento da Lapa. Preencha o formul\u00e1rio de admiss\u00e3o em linha.","breadcrumb":{"@id":"https:\/\/recolhimentolapa.pt\/index.php\/admissao\/#breadcrumb"},"inLanguage":"pt-PT","potentialAction":[{"@type":"ReadAction","target":["https:\/\/recolhimentolapa.pt\/index.php\/admissao\/"]}]},{"@type":"BreadcrumbList","@id":"https:\/\/recolhimentolapa.pt\/index.php\/admissao\/#breadcrumb","itemListElement":[{"@type":"ListItem","position":1,"name":"In\u00edcio","item":"https:\/\/recolhimentolapa.pt\/"},{"@type":"ListItem","position":2,"name":"ADMISS\u00c3O"}]},{"@type":"WebSite","@id":"https:\/\/recolhimentolapa.pt\/#website","url":"https:\/\/recolhimentolapa.pt\/","name":"Recolhimento da Lapa","description":"Informa\u00e7\u00e3o sobre o Recolhimento da Lapa","publisher":{"@id":"https:\/\/recolhimentolapa.pt\/#organization"},"potentialAction":[{"@type":"SearchAction","target":{"@type":"EntryPoint","urlTemplate":"https:\/\/recolhimentolapa.pt\/?s={search_term_string}"},"query-input":{"@type":"PropertyValueSpecification","valueRequired":true,"valueName":"search_term_string"}}],"inLanguage":"pt-PT"},{"@type":"Organization","@id":"https:\/\/recolhimentolapa.pt\/#organization","name":"Recolhimento Nossa Senhora do Carmo da Lapa","url":"https:\/\/recolhimentolapa.pt\/","logo":{"@type":"ImageObject","inLanguage":"pt-PT","@id":"https:\/\/recolhimentolapa.pt\/#\/schema\/logo\/image\/","url":"https:\/\/recolhimentolapa.pt\/wp-content\/uploads\/2022\/05\/ICON.jpg","contentUrl":"https:\/\/recolhimentolapa.pt\/wp-content\/uploads\/2022\/05\/ICON.jpg","width":512,"height":512,"caption":"Recolhimento Nossa Senhora do Carmo da Lapa"},"image":{"@id":"https:\/\/recolhimentolapa.pt\/#\/schema\/logo\/image\/"}}]}},"_links":{"self":[{"href":"https:\/\/recolhimentolapa.pt\/index.php\/wp-json\/wp\/v2\/pages\/390","targetHints":{"allow":["GET"]}}],"collection":[{"href":"https:\/\/recolhimentolapa.pt\/index.php\/wp-json\/wp\/v2\/pages"}],"about":[{"href":"https:\/\/recolhimentolapa.pt\/index.php\/wp-json\/wp\/v2\/types\/page"}],"author":[{"embeddable":true,"href":"https:\/\/recolhimentolapa.pt\/index.php\/wp-json\/wp\/v2\/users\/2"}],"replies":[{"embeddable":true,"href":"https:\/\/recolhimentolapa.pt\/index.php\/wp-json\/wp\/v2\/comments?post=390"}],"version-history":[{"count":31,"href":"https:\/\/recolhimentolapa.pt\/index.php\/wp-json\/wp\/v2\/pages\/390\/revisions"}],"predecessor-version":[{"id":1087,"href":"https:\/\/recolhimentolapa.pt\/index.php\/wp-json\/wp\/v2\/pages\/390\/revisions\/1087"}],"wp:attachment":[{"href":"https:\/\/recolhimentolapa.pt\/index.php\/wp-json\/wp\/v2\/media?parent=390"}],"curies":[{"name":"wp","href":"https:\/\/api.w.org\/{rel}","templated":true}]}}