{"id":468,"date":"2023-06-21T16:14:55","date_gmt":"2023-06-21T15:14:55","guid":{"rendered":"https:\/\/recolhimentolapa.pt\/?page_id=468"},"modified":"2024-01-17T12:09:31","modified_gmt":"2024-01-17T12:09:31","slug":"a-equipa","status":"publish","type":"page","link":"https:\/\/recolhimentolapa.pt\/index.php\/a-equipa\/","title":{"rendered":"EQUIPA"},"content":{"rendered":"<p>[et_pb_section fb_built=&#8221;1&#8243; _builder_version=&#8221;4.23.4&#8243; _module_preset=&#8221;default&#8221; background_image=&#8221;https:\/\/recolhimentolapa.pt\/wp-content\/uploads\/2023\/09\/DSC_9346-scaled.jpg&#8221; width=&#8221;100%&#8221; min_height=&#8221;400px&#8221; custom_margin=&#8221;||||false|false&#8221; hover_enabled=&#8221;0&#8243; global_colors_info=&#8221;{}&#8221; alt=&#8221;AAD 5 &#8211; Recolhimento Lapa&#8221; title_text=&#8221;AAD 5 &#8211; Recolhimento Lapa&#8221; sticky_enabled=&#8221;0&#8243;][et_pb_row _builder_version=&#8221;4.19.0&#8243; _module_preset=&#8221;default&#8221; background_color=&#8221;RGBA(255,255,255,0)&#8221; custom_padding=&#8221;0px|||||&#8221; locked=&#8221;off&#8221; global_colors_info=&#8221;{}&#8221;][et_pb_column type=&#8221;4_4&#8243; _builder_version=&#8221;4.18.0&#8243; _module_preset=&#8221;default&#8221; global_colors_info=&#8221;{}&#8221;][et_pb_text _builder_version=&#8221;4.22.2&#8243; _module_preset=&#8221;default&#8221; text_font=&#8221;|700|||||||&#8221; text_font_size=&#8221;1px&#8221; text_line_height=&#8221;1.3em&#8221; header_font=&#8221;|700|||||||&#8221; header_font_size=&#8221;52px&#8221; min_height=&#8221;108px&#8221; custom_margin=&#8221;150px|||||&#8221; custom_padding=&#8221;||3px|||&#8221; header_text_shadow_style=&#8221;preset2&#8243; header_text_shadow_horizontal_length=&#8221;0.09em&#8221; header_text_shadow_vertical_length=&#8221;0.07em&#8221; header_text_shadow_blur_strength=&#8221;0.06em&#8221; header_text_shadow_color=&#8221;rgba(0,0,0,0.63)&#8221; locked=&#8221;off&#8221; global_colors_info=&#8221;{}&#8221;]<\/p>\n<h1 style=\"text-align: right;\"><span style=\"color: #ffffff;\"><strong>Juntos <\/strong><\/span><\/h1>\n<h1 style=\"text-align: right;\"><span style=\"color: #ffffff;\"><strong>damos <\/strong><\/span><span style=\"color: #ffffff;\"><strong>tudo<\/strong><\/span><span style=\"color: #ffffff;\"><strong><\/strong><\/span><\/h1>\n<p><span style=\"color: #ffffff;\"><strong><\/strong><\/span><\/p>\n<p>[\/et_pb_text][\/et_pb_column][\/et_pb_row][\/et_pb_section][et_pb_section fb_built=&#8221;1&#8243; _builder_version=&#8221;4.21.0&#8243; _module_preset=&#8221;default&#8221; min_height=&#8221;398px&#8221; custom_margin=&#8221;||-1px|||&#8221; global_colors_info=&#8221;{}&#8221;][et_pb_row column_structure=&#8221;1_2,1_2&#8243; _builder_version=&#8221;4.19.0&#8243; _module_preset=&#8221;default&#8221; background_color=&#8221;RGBA(255,255,255,0)&#8221; min_height=&#8221;617px&#8221; custom_margin=&#8221;33px|auto||auto||&#8221; custom_padding=&#8221;0px|||||&#8221; locked=&#8221;off&#8221; global_colors_info=&#8221;{}&#8221;][et_pb_column type=&#8221;1_2&#8243; _builder_version=&#8221;4.18.0&#8243; _module_preset=&#8221;default&#8221; global_colors_info=&#8221;{}&#8221;][et_pb_text _builder_version=&#8221;4.22.1&#8243; _module_preset=&#8221;default&#8221; text_font=&#8221;|300|||||||&#8221; text_text_color=&#8221;rgba(0,0,0,0.7)&#8221; text_line_height=&#8221;1.4em&#8221; text_orientation=&#8221;justified&#8221; global_colors_info=&#8221;{}&#8221;]<\/p>\n<h1 style=\"text-align: justify;\"><span style=\"color: #000000;\">EQUIPA<\/span><\/h1>\n<p><span style=\"color: #000000;\"><\/span><\/p>\n<p style=\"font-weight: 400;\">\n<p style=\"font-weight: 400;\"><strong>A equipa respons\u00e1vel pelo funcionamento da ERPI <br \/><\/strong><strong>\u00e9 constitu\u00edda por:<\/strong><\/p>\n<ul>\n<li style=\"font-weight: 400;\">Uma<span> diretora t\u00e9cnica.<\/span><\/li>\n<li style=\"font-weight: 400;\"><span>Uma chefe de servi\u00e7os.<\/span><\/li>\n<li style=\"font-weight: 400;\"><span>Uma animadora cultural.<\/span><\/li>\n<li style=\"font-weight: 400;\"><span>Oito ajudantes de a\u00e7\u00e3o direta.<\/span><\/li>\n<li style=\"font-weight: 400;\"><span>Duas auxiliares de servi\u00e7o.<\/span><\/li>\n<li style=\"font-weight: 400;\"><span>Duas funcion\u00e1rias da cozinha.<\/span><\/li>\n<\/ul>\n<p style=\"font-weight: 400;\"><strong>O apoio m\u00e9dico \u00e9 facultado por:<\/strong><\/p>\n<ul>\n<li style=\"font-weight: 400;\"><span>Um enfermeiro.\u00a0<\/span><\/li>\n<li style=\"font-weight: 400;\"><span><span>Um m\u00e9dico.<\/span><\/span>\n<p><strong><\/strong><\/p>\n<\/li>\n<\/ul>\n<p style=\"font-weight: 400;\"><strong>Valorizamos:<\/strong><\/p>\n<ul>\n<li style=\"font-weight: 400; text-align: left;\"><span>A qualidade do servi\u00e7o prestado e a satisfa\u00e7\u00e3o profissional dos colaboradores.<\/span><\/li>\n<li style=\"font-weight: 400; text-align: left;\"><span>A forma\u00e7\u00e3o cont\u00ednua, valoriza\u00e7\u00e3o curricular e capacita\u00e7\u00e3o para novas oportunidades.<\/span><\/li>\n<li style=\"font-weight: 400; text-align: left;\"><span>A coopera\u00e7\u00e3o entre colegas.<\/span><\/li>\n<\/ul>\n<p style=\"font-weight: 400;\">\n<p>[\/et_pb_text][\/et_pb_column][et_pb_column type=&#8221;1_2&#8243; _builder_version=&#8221;4.21.0&#8243; _module_preset=&#8221;default&#8221; global_colors_info=&#8221;{}&#8221;][et_pb_image src=&#8221;https:\/\/recolhimentolapa.pt\/wp-content\/uploads\/2022\/09\/IMG_3988-rotated.jpg&#8221; title_text=&#8221;AAD-ERPI-1&#8243; _builder_version=&#8221;4.23.4&#8243; _module_preset=&#8221;default&#8221; width=&#8221;70%&#8221; custom_margin=&#8221;|||48px|false|false&#8221; hover_enabled=&#8221;0&#8243; global_colors_info=&#8221;{}&#8221; alt=&#8221;AAD Recolhimento de Nossa Senhora do Carmo da Lapa&#8221; sticky_enabled=&#8221;0&#8243;][\/et_pb_image][\/et_pb_column][\/et_pb_row][\/et_pb_section]<\/p>\n","protected":false},"excerpt":{"rendered":"<p>Juntos damos tudo EQUIPA A equipa respons\u00e1vel pelo funcionamento da ERPI \u00e9 constitu\u00edda por: Uma diretora t\u00e9cnica. Uma chefe de servi\u00e7os. Uma animadora cultural. Oito ajudantes de a\u00e7\u00e3o direta. Duas auxiliares de servi\u00e7o. Duas funcion\u00e1rias da cozinha. O apoio m\u00e9dico \u00e9 facultado por: Um enfermeiro.\u00a0 Um m\u00e9dico. Valorizamos: A qualidade do servi\u00e7o prestado e a [&hellip;]<\/p>\n","protected":false},"author":2,"featured_media":0,"parent":0,"menu_order":0,"comment_status":"closed","ping_status":"closed","template":"","meta":{"_et_pb_use_builder":"on","_et_pb_old_content":"","_et_gb_content_width":"","footnotes":""},"class_list":["post-468","page","type-page","status-publish","hentry"],"yoast_head":"<!-- This site is optimized with the Yoast SEO plugin v25.3.1 - https:\/\/yoast.com\/wordpress\/plugins\/seo\/ -->\n<title>EQUIPA - Recolhimento da Lapa<\/title>\n<meta name=\"description\" content=\"A Equipa - No Recolhimento da Lapa valorizamos a qualidade do servi\u00e7o prestado e a satisfa\u00e7\u00e3o profissional dos colaboradores.\" \/>\n<meta name=\"robots\" content=\"index, follow, max-snippet:-1, max-image-preview:large, max-video-preview:-1\" \/>\n<link rel=\"canonical\" href=\"https:\/\/recolhimentolapa.pt\/index.php\/a-equipa\/\" \/>\n<meta property=\"og:locale\" content=\"pt_PT\" \/>\n<meta property=\"og:type\" content=\"article\" \/>\n<meta property=\"og:title\" content=\"EQUIPA - Recolhimento da Lapa\" \/>\n<meta property=\"og:description\" content=\"A Equipa - No Recolhimento da Lapa valorizamos a qualidade do servi\u00e7o prestado e a satisfa\u00e7\u00e3o profissional dos colaboradores.\" \/>\n<meta property=\"og:url\" content=\"https:\/\/recolhimentolapa.pt\/index.php\/a-equipa\/\" \/>\n<meta property=\"og:site_name\" content=\"Recolhimento da Lapa\" \/>\n<meta property=\"article:modified_time\" content=\"2024-01-17T12:09:31+00:00\" \/>\n<meta name=\"twitter:card\" content=\"summary_large_image\" \/>\n<meta name=\"twitter:label1\" content=\"Tempo estimado de leitura\" \/>\n\t<meta name=\"twitter:data1\" content=\"1 minuto\" \/>\n<script type=\"application\/ld+json\" class=\"yoast-schema-graph\">{\"@context\":\"https:\/\/schema.org\",\"@graph\":[{\"@type\":\"WebPage\",\"@id\":\"https:\/\/recolhimentolapa.pt\/index.php\/a-equipa\/\",\"url\":\"https:\/\/recolhimentolapa.pt\/index.php\/a-equipa\/\",\"name\":\"EQUIPA - Recolhimento da Lapa\",\"isPartOf\":{\"@id\":\"https:\/\/recolhimentolapa.pt\/#website\"},\"datePublished\":\"2023-06-21T15:14:55+00:00\",\"dateModified\":\"2024-01-17T12:09:31+00:00\",\"description\":\"A Equipa - No Recolhimento da Lapa valorizamos a qualidade do servi\u00e7o prestado e a satisfa\u00e7\u00e3o profissional dos colaboradores.\",\"breadcrumb\":{\"@id\":\"https:\/\/recolhimentolapa.pt\/index.php\/a-equipa\/#breadcrumb\"},\"inLanguage\":\"pt-PT\",\"potentialAction\":[{\"@type\":\"ReadAction\",\"target\":[\"https:\/\/recolhimentolapa.pt\/index.php\/a-equipa\/\"]}]},{\"@type\":\"BreadcrumbList\",\"@id\":\"https:\/\/recolhimentolapa.pt\/index.php\/a-equipa\/#breadcrumb\",\"itemListElement\":[{\"@type\":\"ListItem\",\"position\":1,\"name\":\"In\u00edcio\",\"item\":\"https:\/\/recolhimentolapa.pt\/\"},{\"@type\":\"ListItem\",\"position\":2,\"name\":\"EQUIPA\"}]},{\"@type\":\"WebSite\",\"@id\":\"https:\/\/recolhimentolapa.pt\/#website\",\"url\":\"https:\/\/recolhimentolapa.pt\/\",\"name\":\"Recolhimento da Lapa\",\"description\":\"Informa\u00e7\u00e3o sobre o Recolhimento da Lapa\",\"publisher\":{\"@id\":\"https:\/\/recolhimentolapa.pt\/#organization\"},\"potentialAction\":[{\"@type\":\"SearchAction\",\"target\":{\"@type\":\"EntryPoint\",\"urlTemplate\":\"https:\/\/recolhimentolapa.pt\/?s={search_term_string}\"},\"query-input\":{\"@type\":\"PropertyValueSpecification\",\"valueRequired\":true,\"valueName\":\"search_term_string\"}}],\"inLanguage\":\"pt-PT\"},{\"@type\":\"Organization\",\"@id\":\"https:\/\/recolhimentolapa.pt\/#organization\",\"name\":\"Recolhimento Nossa Senhora do Carmo da Lapa\",\"url\":\"https:\/\/recolhimentolapa.pt\/\",\"logo\":{\"@type\":\"ImageObject\",\"inLanguage\":\"pt-PT\",\"@id\":\"https:\/\/recolhimentolapa.pt\/#\/schema\/logo\/image\/\",\"url\":\"https:\/\/recolhimentolapa.pt\/wp-content\/uploads\/2022\/05\/ICON.jpg\",\"contentUrl\":\"https:\/\/recolhimentolapa.pt\/wp-content\/uploads\/2022\/05\/ICON.jpg\",\"width\":512,\"height\":512,\"caption\":\"Recolhimento Nossa Senhora do Carmo da Lapa\"},\"image\":{\"@id\":\"https:\/\/recolhimentolapa.pt\/#\/schema\/logo\/image\/\"}}]}<\/script>\n<!-- \/ Yoast SEO plugin. -->","yoast_head_json":{"title":"EQUIPA - Recolhimento da Lapa","description":"A Equipa - No Recolhimento da Lapa valorizamos a qualidade do servi\u00e7o prestado e a satisfa\u00e7\u00e3o profissional dos colaboradores.","robots":{"index":"index","follow":"follow","max-snippet":"max-snippet:-1","max-image-preview":"max-image-preview:large","max-video-preview":"max-video-preview:-1"},"canonical":"https:\/\/recolhimentolapa.pt\/index.php\/a-equipa\/","og_locale":"pt_PT","og_type":"article","og_title":"EQUIPA - Recolhimento da Lapa","og_description":"A Equipa - No Recolhimento da Lapa valorizamos a qualidade do servi\u00e7o prestado e a satisfa\u00e7\u00e3o profissional dos colaboradores.","og_url":"https:\/\/recolhimentolapa.pt\/index.php\/a-equipa\/","og_site_name":"Recolhimento da Lapa","article_modified_time":"2024-01-17T12:09:31+00:00","twitter_card":"summary_large_image","twitter_misc":{"Tempo estimado de leitura":"1 minuto"},"schema":{"@context":"https:\/\/schema.org","@graph":[{"@type":"WebPage","@id":"https:\/\/recolhimentolapa.pt\/index.php\/a-equipa\/","url":"https:\/\/recolhimentolapa.pt\/index.php\/a-equipa\/","name":"EQUIPA - Recolhimento da Lapa","isPartOf":{"@id":"https:\/\/recolhimentolapa.pt\/#website"},"datePublished":"2023-06-21T15:14:55+00:00","dateModified":"2024-01-17T12:09:31+00:00","description":"A Equipa - No Recolhimento da Lapa valorizamos a qualidade do servi\u00e7o prestado e a satisfa\u00e7\u00e3o profissional dos colaboradores.","breadcrumb":{"@id":"https:\/\/recolhimentolapa.pt\/index.php\/a-equipa\/#breadcrumb"},"inLanguage":"pt-PT","potentialAction":[{"@type":"ReadAction","target":["https:\/\/recolhimentolapa.pt\/index.php\/a-equipa\/"]}]},{"@type":"BreadcrumbList","@id":"https:\/\/recolhimentolapa.pt\/index.php\/a-equipa\/#breadcrumb","itemListElement":[{"@type":"ListItem","position":1,"name":"In\u00edcio","item":"https:\/\/recolhimentolapa.pt\/"},{"@type":"ListItem","position":2,"name":"EQUIPA"}]},{"@type":"WebSite","@id":"https:\/\/recolhimentolapa.pt\/#website","url":"https:\/\/recolhimentolapa.pt\/","name":"Recolhimento da Lapa","description":"Informa\u00e7\u00e3o sobre o Recolhimento da Lapa","publisher":{"@id":"https:\/\/recolhimentolapa.pt\/#organization"},"potentialAction":[{"@type":"SearchAction","target":{"@type":"EntryPoint","urlTemplate":"https:\/\/recolhimentolapa.pt\/?s={search_term_string}"},"query-input":{"@type":"PropertyValueSpecification","valueRequired":true,"valueName":"search_term_string"}}],"inLanguage":"pt-PT"},{"@type":"Organization","@id":"https:\/\/recolhimentolapa.pt\/#organization","name":"Recolhimento Nossa Senhora do Carmo da Lapa","url":"https:\/\/recolhimentolapa.pt\/","logo":{"@type":"ImageObject","inLanguage":"pt-PT","@id":"https:\/\/recolhimentolapa.pt\/#\/schema\/logo\/image\/","url":"https:\/\/recolhimentolapa.pt\/wp-content\/uploads\/2022\/05\/ICON.jpg","contentUrl":"https:\/\/recolhimentolapa.pt\/wp-content\/uploads\/2022\/05\/ICON.jpg","width":512,"height":512,"caption":"Recolhimento Nossa Senhora do Carmo da Lapa"},"image":{"@id":"https:\/\/recolhimentolapa.pt\/#\/schema\/logo\/image\/"}}]}},"_links":{"self":[{"href":"https:\/\/recolhimentolapa.pt\/index.php\/wp-json\/wp\/v2\/pages\/468","targetHints":{"allow":["GET"]}}],"collection":[{"href":"https:\/\/recolhimentolapa.pt\/index.php\/wp-json\/wp\/v2\/pages"}],"about":[{"href":"https:\/\/recolhimentolapa.pt\/index.php\/wp-json\/wp\/v2\/types\/page"}],"author":[{"embeddable":true,"href":"https:\/\/recolhimentolapa.pt\/index.php\/wp-json\/wp\/v2\/users\/2"}],"replies":[{"embeddable":true,"href":"https:\/\/recolhimentolapa.pt\/index.php\/wp-json\/wp\/v2\/comments?post=468"}],"version-history":[{"count":27,"href":"https:\/\/recolhimentolapa.pt\/index.php\/wp-json\/wp\/v2\/pages\/468\/revisions"}],"predecessor-version":[{"id":1096,"href":"https:\/\/recolhimentolapa.pt\/index.php\/wp-json\/wp\/v2\/pages\/468\/revisions\/1096"}],"wp:attachment":[{"href":"https:\/\/recolhimentolapa.pt\/index.php\/wp-json\/wp\/v2\/media?parent=468"}],"curies":[{"name":"wp","href":"https:\/\/api.w.org\/{rel}","templated":true}]}}