{"id":73,"date":"2022-11-14T16:30:54","date_gmt":"2022-11-14T16:30:54","guid":{"rendered":"https:\/\/recolhimentolapa.pt\/?page_id=73"},"modified":"2024-01-23T17:22:38","modified_gmt":"2024-01-23T17:22:38","slug":"historia-uma-casa-com-muitas-historias-seculo-xviii-ermida-de-nossa-senhora-da-lapa","status":"publish","type":"page","link":"https:\/\/recolhimentolapa.pt\/index.php\/historia-uma-casa-com-muitas-historias-seculo-xviii-ermida-de-nossa-senhora-da-lapa\/","title":{"rendered":"HIST\u00d3RIA"},"content":{"rendered":"\n[et_pb_section fb_built=&#8221;1&#8243; _builder_version=&#8221;4.23.4&#8243; _module_preset=&#8221;default&#8221; background_image=&#8221;https:\/\/recolhimentolapa.pt\/wp-content\/uploads\/2022\/09\/IMG_3907.jpg&#8221; min_height=&#8221;482px&#8221; hover_enabled=&#8221;0&#8243; global_colors_info=&#8221;{}&#8221; alt=&#8221;Claustros do Recolhimento N\u00aa Sra do Carmo da Lapa&#8221; title_text=&#8221;Claustros do Recolhimento N\u00aa Sra do Carmo da Lapa&#8221; sticky_enabled=&#8221;0&#8243;][et_pb_row _builder_version=&#8221;4.18.0&#8243; _module_preset=&#8221;default&#8221; global_colors_info=&#8221;{}&#8221;][et_pb_column type=&#8221;4_4&#8243; _builder_version=&#8221;4.18.0&#8243; _module_preset=&#8221;default&#8221; global_colors_info=&#8221;{}&#8221;][et_pb_text _builder_version=&#8221;4.22.2&#8243; _module_preset=&#8221;default&#8221; text_font=&#8221;|700|||||||&#8221; text_font_size=&#8221;1px&#8221; text_line_height=&#8221;1.3em&#8221; header_font=&#8221;|700|||||||&#8221; header_font_size=&#8221;52px&#8221; min_height=&#8221;108px&#8221; custom_margin=&#8221;150px|||||&#8221; custom_padding=&#8221;||3px|3px||&#8221; header_text_shadow_style=&#8221;preset2&#8243; header_text_shadow_horizontal_length=&#8221;0.09em&#8221; header_text_shadow_vertical_length=&#8221;0.07em&#8221; header_text_shadow_blur_strength=&#8221;0.06em&#8221; header_text_shadow_color=&#8221;rgba(0,0,0,0.63)&#8221; locked=&#8221;off&#8221; global_colors_info=&#8221;{}&#8221;]<h1 style=\"text-align: center;\"><span style=\"color: #ffffff;\"><span style=\"caret-color: #ffffff;\">Uma casa <\/span><\/span><\/h1>\n<h1 style=\"text-align: center;\"><span style=\"color: #ffffff;\"><span style=\"caret-color: #ffffff;\">com muitas <\/span><\/span><\/h1>\n<h1 style=\"text-align: center;\"><span style=\"color: #ffffff;\"><span style=\"caret-color: #ffffff;\">hist\u00f3rias&#8230;<\/span><\/span><\/h1>[\/et_pb_text][\/et_pb_column][\/et_pb_row][\/et_pb_section][et_pb_section fb_built=&#8221;1&#8243; _builder_version=&#8221;4.17.4&#8243; _module_preset=&#8221;default&#8221; min_height=&#8221;831px&#8221; custom_margin=&#8221;3px|||||&#8221; global_colors_info=&#8221;{}&#8221;][et_pb_row _builder_version=&#8221;4.18.0&#8243; _module_preset=&#8221;default&#8221; min_height=&#8221;359px&#8221; custom_padding=&#8221;0px|||||&#8221; global_colors_info=&#8221;{}&#8221;][et_pb_column type=&#8221;4_4&#8243; _builder_version=&#8221;4.18.0&#8243; _module_preset=&#8221;default&#8221; global_colors_info=&#8221;{}&#8221;][et_pb_text _builder_version=&#8221;4.21.0&#8243; _module_preset=&#8221;default&#8221; text_font=&#8221;|300|||||||&#8221; text_text_color=&#8221;rgba(0,0,0,0.7)&#8221; text_line_height=&#8221;1.4em&#8221; text_orientation=&#8221;justified&#8221; global_colors_info=&#8221;{}&#8221;]<h1>HIST\u00d3RIA\u00a0<\/h1>\n<p>&nbsp;<\/p>\n<p style=\"font-weight: 400;\"><strong>S\u00e9culo XVIII<\/strong><\/p>\n<p style=\"font-weight: 400;\">A ermida de Nossa Senhora da Lapa foi constru\u00edda, logo a seguir ao terramoto de 1755, em terrenos que eram perten\u00e7a da Casa do Infantado, com um Recolhimento anexo para \u00f3rf\u00e3os e senhoras desamparadas. Em 21 de Dezembro de 1755, foi feita a sua dedica\u00e7\u00e3o com a imagem de Nossa Senhora da Lapa, trazida do Convento de S. Jo\u00e3o de Deus. A obra do edif\u00edcio anexo decorreu em 1756, este foi substitu\u00eddo por outro com car\u00e1cter mais definitivo, em 1769, por ordem de D. Pedro III (consorte da Rainha D. Maria I, a partir de 1760). A igreja passa a paroquial entre 1770 e 1886, data em que a Par\u00f3quia passou para a Estrela.<\/p>\n<p style=\"font-weight: 400;\"><strong>S\u00e9culo XIX<\/strong><\/p>\n<p style=\"font-weight: 400;\">Em 1836, \u00e9 instalado no primeiro andar do edif\u00edcio (n\u00ba 84 da Rua da Lapa) um dos 12 asilos da Inf\u00e2ncia desvalida de Lisboa.<\/p>\n<p style=\"font-weight: 400;\">Em 1886, a imagem da Nossa Senhora da Lapa passa para a nova par\u00f3quia da Estrela, mas manteve-se a imagem de Nossa Senhora do Monte Carmo.<\/p>\n<p style=\"font-weight: 400;\"><strong>S\u00e9culo XX<\/strong><\/p>\n<p style=\"font-weight: 400;\">Em mar\u00e7o de 1917 o Governador do Distrito Administrativo de Lisboa aprova os estatutos do Asilo de Nossa Senhora do Carmo da Lapa.<\/p>\n<p style=\"font-weight: 400;\">Em Setembro de 1959 o <strong>Asilo de Nossa Sr\u00aa do Carmo da Lapa<\/strong> passa e ser designado por <strong>Recolhimento de Nossa Senhora do Carmo da Lapa<\/strong> (RNSCL) com aprova\u00e7\u00e3o de novos estatutos pelo minist\u00e9rio de Sa\u00fade e Assist\u00eancia.<\/p>\n<p style=\"font-weight: 400;\">Em fevereiro de 1988 o RNSCL passa de Pessoa Coletiva de Utilidade P\u00fablica Administrativa a Institui\u00e7\u00e3o Particular de Solidariedade Social.<\/p>\n<p style=\"font-weight: 400;\"><\/p>\n<p style=\"font-weight: 400;\"><\/p>\n<p style=\"font-weight: 400;\"><\/p>[\/et_pb_text][\/et_pb_column][\/et_pb_row][et_pb_row column_structure=&#8221;1_2,1_2&#8243; _builder_version=&#8221;4.18.0&#8243; _module_preset=&#8221;default&#8221; min_height=&#8221;359px&#8221; custom_padding=&#8221;0px|||||&#8221; global_colors_info=&#8221;{}&#8221;][et_pb_column type=&#8221;1_2&#8243; _builder_version=&#8221;4.18.0&#8243; _module_preset=&#8221;default&#8221; global_colors_info=&#8221;{}&#8221;][et_pb_image src=&#8221;https:\/\/recolhimentolapa.pt\/wp-content\/uploads\/2023\/07\/DSC_9269-scaled.jpg&#8221; title_text=&#8221;N\u00aa Sr\u00aa do Carmo Igreja da Lapa&#8221; _builder_version=&#8221;4.23.4&#8243; _module_preset=&#8221;default&#8221; width=&#8221;69%&#8221; hover_enabled=&#8221;0&#8243; global_colors_info=&#8221;{}&#8221; alt=&#8221;N\u00aa Sr\u00aa do Carmo Igreja da Lapa&#8221; sticky_enabled=&#8221;0&#8243;][\/et_pb_image][\/et_pb_column][et_pb_column type=&#8221;1_2&#8243; _builder_version=&#8221;4.18.0&#8243; _module_preset=&#8221;default&#8221; global_colors_info=&#8221;{}&#8221;][et_pb_image src=&#8221;https:\/\/recolhimentolapa.pt\/wp-content\/uploads\/2022\/10\/IMG_4073.jpg&#8221; title_text=&#8221;FACHADA Recolhimento da Lapa&#8221; _builder_version=&#8221;4.23.4&#8243; _module_preset=&#8221;default&#8221; width=&#8221;89%&#8221; module_alignment=&#8221;left&#8221; custom_margin=&#8221;|3px||-7px|false|false&#8221; hover_enabled=&#8221;0&#8243; global_colors_info=&#8221;{}&#8221; alt=&#8221;FACHADA Recolhimento da Lapa&#8221; sticky_enabled=&#8221;0&#8243;][\/et_pb_image][\/et_pb_column][\/et_pb_row][\/et_pb_section][et_pb_section fb_built=&#8221;1&#8243; _builder_version=&#8221;4.17.4&#8243; _module_preset=&#8221;default&#8221; min_height=&#8221;418px&#8221; custom_margin=&#8221;3px|||||&#8221; global_colors_info=&#8221;{}&#8221;][et_pb_row _builder_version=&#8221;4.18.0&#8243; _module_preset=&#8221;default&#8221; min_height=&#8221;359px&#8221; custom_padding=&#8221;0px|||||&#8221; global_colors_info=&#8221;{}&#8221;][et_pb_column type=&#8221;4_4&#8243; _builder_version=&#8221;4.18.0&#8243; _module_preset=&#8221;default&#8221; global_colors_info=&#8221;{}&#8221;][et_pb_text _builder_version=&#8221;4.21.0&#8243; _module_preset=&#8221;default&#8221; text_font=&#8221;|300|||||||&#8221; text_text_color=&#8221;rgba(0,0,0,0.7)&#8221; text_line_height=&#8221;1.4em&#8221; text_orientation=&#8221;justified&#8221; global_colors_info=&#8221;{}&#8221;]<h1>AZULEJOS DO S\u00c9C. XVIII<\/h1>\n<p>&nbsp;<\/p>\n<p style=\"font-weight: 400;\">Na entrada, nos corredores do claustro e na sala de jantar, encontram-se, em muito bom estado de conserva\u00e7\u00e3o, diversos pain\u00e9is de azulejo \u201cimediatamente posteriores ao terramoto, que proviriam de alguma das oficinas&#8230; pertencentes ao Bairro do Mocambo\u201d<a href=\"applewebdata:\/\/686D9D59-5EC0-4821-B62B-635D01781CA7#_ftn1\" name=\"_ftnref1\"><span>[1]<\/span><\/a>.<\/p>\n<p style=\"font-weight: 400;\">Os pain\u00e9is do claustro \u201ct\u00eam emolduramento de tipo concheado com umas laterais, centrando as curiosas figura\u00e7\u00f5es que mostram a vida de Santa Maria Madalena de Pazzi,&#8230; florentina da ordem das Carmelitas\u201d.<a href=\"applewebdata:\/\/686D9D59-5EC0-4821-B62B-635D01781CA7#_ftn2\" name=\"_ftnref2\"><span>[2]<\/span><\/a><\/p>\n<p style=\"font-weight: 400;\">Os pain\u00e9is policromos da sala de jantar, representam vasos com frutas e flores.<\/p>\n<p style=\"font-weight: 400;\"><\/p>\n<p><a href=\"applewebdata:\/\/686D9D59-5EC0-4821-B62B-635D01781CA7#_ftnref1\" name=\"_ftn1\"><span>[1]<\/span><\/a> Santos Sim\u00f5es em \u201cAzulejaria de Portugal no s\u00e9culo XVIII\u201d<\/p>\n<p><a href=\"applewebdata:\/\/686D9D59-5EC0-4821-B62B-635D01781CA7#_ftnref2\" name=\"_ftn2\"><span>[2]<\/span><\/a> Francisco Hip\u00f3lito Raposo \u2013 Bandeira do Patrim\u00f3nio 1994<\/p>[\/et_pb_text][\/et_pb_column][\/et_pb_row][\/et_pb_section][et_pb_section fb_built=&#8221;1&#8243; _builder_version=&#8221;4.17.4&#8243; _module_preset=&#8221;default&#8221; min_height=&#8221;831px&#8221; custom_margin=&#8221;3px|||||&#8221; global_colors_info=&#8221;{}&#8221;][et_pb_row column_structure=&#8221;1_3,1_3,1_3&#8243; _builder_version=&#8221;4.22.2&#8243; _module_preset=&#8221;default&#8221; global_colors_info=&#8221;{}&#8221;][et_pb_column type=&#8221;1_3&#8243; _builder_version=&#8221;4.22.2&#8243; _module_preset=&#8221;default&#8221; global_colors_info=&#8221;{}&#8221;][et_pb_image src=&#8221;https:\/\/recolhimentolapa.pt\/wp-content\/uploads\/2023\/09\/IMG_6391.jpg&#8221; title_text=&#8221;Azulejos 3 &#8211; Recolhimento Lapa&#8221; _builder_version=&#8221;4.23.4&#8243; _module_preset=&#8221;default&#8221; hover_enabled=&#8221;0&#8243; global_colors_info=&#8221;{}&#8221; alt=&#8221;Azulejos 3 &#8211; Recolhimento N\u00aa Sr\u00aa do Carmo da Lapa&#8221; sticky_enabled=&#8221;0&#8243;][\/et_pb_image][\/et_pb_column][et_pb_column type=&#8221;1_3&#8243; _builder_version=&#8221;4.22.2&#8243; _module_preset=&#8221;default&#8221; global_colors_info=&#8221;{}&#8221;][et_pb_image src=&#8221;https:\/\/recolhimentolapa.pt\/wp-content\/uploads\/2023\/07\/image.jpeg&#8221; title_text=&#8221;Frade a ler &#8211; azulejo Recolhimento Lapa&#8221; _builder_version=&#8221;4.23.4&#8243; _module_preset=&#8221;default&#8221; hover_enabled=&#8221;0&#8243; global_colors_info=&#8221;{}&#8221; alt=&#8221;Frade a ler &#8211; azulejo Recolhimento Lapa&#8221; sticky_enabled=&#8221;0&#8243;][\/et_pb_image][\/et_pb_column][et_pb_column type=&#8221;1_3&#8243; _builder_version=&#8221;4.22.2&#8243; _module_preset=&#8221;default&#8221; global_colors_info=&#8221;{}&#8221;][\/et_pb_column][\/et_pb_row][et_pb_row column_structure=&#8221;1_3,1_3,1_3&#8243; _builder_version=&#8221;4.22.2&#8243; _module_preset=&#8221;default&#8221; global_colors_info=&#8221;{}&#8221;][et_pb_column type=&#8221;1_3&#8243; _builder_version=&#8221;4.22.2&#8243; _module_preset=&#8221;default&#8221; global_colors_info=&#8221;{}&#8221;][et_pb_image src=&#8221;https:\/\/recolhimentolapa.pt\/wp-content\/uploads\/2023\/07\/IMG_3906.jpg&#8221; title_text=&#8221;Azulejos 5 &#8211; Recolhimento N\u00aa Sr\u00aa do Carmo da Lapa&#8221; _builder_version=&#8221;4.23.4&#8243; _module_preset=&#8221;default&#8221; hover_enabled=&#8221;0&#8243; global_colors_info=&#8221;{}&#8221; alt=&#8221;Azulejos 5 &#8211; Recolhimento N\u00aa Sr\u00aa do Carmo da Lapa&#8221; sticky_enabled=&#8221;0&#8243;][\/et_pb_image][\/et_pb_column][et_pb_column type=&#8221;1_3&#8243; _builder_version=&#8221;4.22.2&#8243; _module_preset=&#8221;default&#8221; global_colors_info=&#8221;{}&#8221;][et_pb_image src=&#8221;https:\/\/recolhimentolapa.pt\/wp-content\/uploads\/2023\/09\/IMG_6327-rotated.jpg&#8221; title_text=&#8221;Azulejos 2 &#8211; Recolhimento Lapa&#8221; _builder_version=&#8221;4.23.4&#8243; _module_preset=&#8221;default&#8221; hover_enabled=&#8221;0&#8243; global_colors_info=&#8221;{}&#8221; alt=&#8221;Azulejos 2 &#8211; Recolhimento N\u00aa Sr\u00aa do Carmo da Lapa&#8221; sticky_enabled=&#8221;0&#8243;][\/et_pb_image][\/et_pb_column][et_pb_column type=&#8221;1_3&#8243; _builder_version=&#8221;4.22.2&#8243; _module_preset=&#8221;default&#8221; global_colors_info=&#8221;{}&#8221;][\/et_pb_column][\/et_pb_row][\/et_pb_section]\n","protected":false},"excerpt":{"rendered":"<p>Uma casa com muitas hist\u00f3rias&#8230;HIST\u00d3RIA\u00a0 &nbsp; S\u00e9culo XVIII A ermida de Nossa Senhora da Lapa foi constru\u00edda, logo a seguir ao terramoto de 1755, em terrenos que eram perten\u00e7a da Casa do Infantado, com um Recolhimento anexo para \u00f3rf\u00e3os e senhoras desamparadas. Em 21 de Dezembro de 1755, foi feita a sua dedica\u00e7\u00e3o com a [&hellip;]<\/p>\n","protected":false},"author":2,"featured_media":0,"parent":0,"menu_order":0,"comment_status":"closed","ping_status":"closed","template":"","meta":{"_et_pb_use_builder":"on","_et_pb_old_content":"","_et_gb_content_width":"","footnotes":""},"class_list":["post-73","page","type-page","status-publish","hentry"],"yoast_head":"<!-- This site is optimized with the Yoast SEO plugin v25.3.1 - https:\/\/yoast.com\/wordpress\/plugins\/seo\/ -->\n<title>HIST\u00d3RIA - Recolhimento da Lapa<\/title>\n<meta name=\"description\" content=\"No S\u00e9culo XVIII, a ermida de Nossa Senhora da Lapa foi constru\u00edda, logo a seguir ao terramoto de 1755...em terras do infantado...Recolhimento\" \/>\n<meta name=\"robots\" content=\"index, follow, max-snippet:-1, max-image-preview:large, max-video-preview:-1\" \/>\n<link rel=\"canonical\" href=\"https:\/\/recolhimentolapa.pt\/index.php\/historia-uma-casa-com-muitas-historias-seculo-xviii-ermida-de-nossa-senhora-da-lapa\/\" \/>\n<meta property=\"og:locale\" content=\"pt_PT\" \/>\n<meta property=\"og:type\" content=\"article\" \/>\n<meta property=\"og:title\" content=\"HIST\u00d3RIA - Recolhimento da Lapa\" \/>\n<meta property=\"og:description\" content=\"No S\u00e9culo XVIII, a ermida de Nossa Senhora da Lapa foi constru\u00edda, logo a seguir ao terramoto de 1755...em terras do infantado...Recolhimento\" \/>\n<meta property=\"og:url\" content=\"https:\/\/recolhimentolapa.pt\/index.php\/historia-uma-casa-com-muitas-historias-seculo-xviii-ermida-de-nossa-senhora-da-lapa\/\" \/>\n<meta property=\"og:site_name\" content=\"Recolhimento da Lapa\" \/>\n<meta property=\"article:modified_time\" content=\"2024-01-23T17:22:38+00:00\" \/>\n<meta name=\"twitter:card\" content=\"summary_large_image\" \/>\n<meta name=\"twitter:label1\" content=\"Tempo estimado de leitura\" \/>\n\t<meta name=\"twitter:data1\" content=\"4 minutos\" \/>\n<script type=\"application\/ld+json\" class=\"yoast-schema-graph\">{\"@context\":\"https:\/\/schema.org\",\"@graph\":[{\"@type\":\"WebPage\",\"@id\":\"https:\/\/recolhimentolapa.pt\/index.php\/historia-uma-casa-com-muitas-historias-seculo-xviii-ermida-de-nossa-senhora-da-lapa\/\",\"url\":\"https:\/\/recolhimentolapa.pt\/index.php\/historia-uma-casa-com-muitas-historias-seculo-xviii-ermida-de-nossa-senhora-da-lapa\/\",\"name\":\"HIST\u00d3RIA - Recolhimento da Lapa\",\"isPartOf\":{\"@id\":\"https:\/\/recolhimentolapa.pt\/#website\"},\"datePublished\":\"2022-11-14T16:30:54+00:00\",\"dateModified\":\"2024-01-23T17:22:38+00:00\",\"description\":\"No S\u00e9culo XVIII, a ermida de Nossa Senhora da Lapa foi constru\u00edda, logo a seguir ao terramoto de 1755...em terras do infantado...Recolhimento\",\"breadcrumb\":{\"@id\":\"https:\/\/recolhimentolapa.pt\/index.php\/historia-uma-casa-com-muitas-historias-seculo-xviii-ermida-de-nossa-senhora-da-lapa\/#breadcrumb\"},\"inLanguage\":\"pt-PT\",\"potentialAction\":[{\"@type\":\"ReadAction\",\"target\":[\"https:\/\/recolhimentolapa.pt\/index.php\/historia-uma-casa-com-muitas-historias-seculo-xviii-ermida-de-nossa-senhora-da-lapa\/\"]}]},{\"@type\":\"BreadcrumbList\",\"@id\":\"https:\/\/recolhimentolapa.pt\/index.php\/historia-uma-casa-com-muitas-historias-seculo-xviii-ermida-de-nossa-senhora-da-lapa\/#breadcrumb\",\"itemListElement\":[{\"@type\":\"ListItem\",\"position\":1,\"name\":\"In\u00edcio\",\"item\":\"https:\/\/recolhimentolapa.pt\/\"},{\"@type\":\"ListItem\",\"position\":2,\"name\":\"HIST\u00d3RIA\"}]},{\"@type\":\"WebSite\",\"@id\":\"https:\/\/recolhimentolapa.pt\/#website\",\"url\":\"https:\/\/recolhimentolapa.pt\/\",\"name\":\"Recolhimento da Lapa\",\"description\":\"Informa\u00e7\u00e3o sobre o Recolhimento da Lapa\",\"publisher\":{\"@id\":\"https:\/\/recolhimentolapa.pt\/#organization\"},\"potentialAction\":[{\"@type\":\"SearchAction\",\"target\":{\"@type\":\"EntryPoint\",\"urlTemplate\":\"https:\/\/recolhimentolapa.pt\/?s={search_term_string}\"},\"query-input\":{\"@type\":\"PropertyValueSpecification\",\"valueRequired\":true,\"valueName\":\"search_term_string\"}}],\"inLanguage\":\"pt-PT\"},{\"@type\":\"Organization\",\"@id\":\"https:\/\/recolhimentolapa.pt\/#organization\",\"name\":\"Recolhimento Nossa Senhora do Carmo da Lapa\",\"url\":\"https:\/\/recolhimentolapa.pt\/\",\"logo\":{\"@type\":\"ImageObject\",\"inLanguage\":\"pt-PT\",\"@id\":\"https:\/\/recolhimentolapa.pt\/#\/schema\/logo\/image\/\",\"url\":\"https:\/\/recolhimentolapa.pt\/wp-content\/uploads\/2022\/05\/ICON.jpg\",\"contentUrl\":\"https:\/\/recolhimentolapa.pt\/wp-content\/uploads\/2022\/05\/ICON.jpg\",\"width\":512,\"height\":512,\"caption\":\"Recolhimento Nossa Senhora do Carmo da Lapa\"},\"image\":{\"@id\":\"https:\/\/recolhimentolapa.pt\/#\/schema\/logo\/image\/\"}}]}<\/script>\n<!-- \/ Yoast SEO plugin. -->","yoast_head_json":{"title":"HIST\u00d3RIA - Recolhimento da Lapa","description":"No S\u00e9culo XVIII, a ermida de Nossa Senhora da Lapa foi constru\u00edda, logo a seguir ao terramoto de 1755...em terras do infantado...Recolhimento","robots":{"index":"index","follow":"follow","max-snippet":"max-snippet:-1","max-image-preview":"max-image-preview:large","max-video-preview":"max-video-preview:-1"},"canonical":"https:\/\/recolhimentolapa.pt\/index.php\/historia-uma-casa-com-muitas-historias-seculo-xviii-ermida-de-nossa-senhora-da-lapa\/","og_locale":"pt_PT","og_type":"article","og_title":"HIST\u00d3RIA - Recolhimento da Lapa","og_description":"No S\u00e9culo XVIII, a ermida de Nossa Senhora da Lapa foi constru\u00edda, logo a seguir ao terramoto de 1755...em terras do infantado...Recolhimento","og_url":"https:\/\/recolhimentolapa.pt\/index.php\/historia-uma-casa-com-muitas-historias-seculo-xviii-ermida-de-nossa-senhora-da-lapa\/","og_site_name":"Recolhimento da Lapa","article_modified_time":"2024-01-23T17:22:38+00:00","twitter_card":"summary_large_image","twitter_misc":{"Tempo estimado de leitura":"4 minutos"},"schema":{"@context":"https:\/\/schema.org","@graph":[{"@type":"WebPage","@id":"https:\/\/recolhimentolapa.pt\/index.php\/historia-uma-casa-com-muitas-historias-seculo-xviii-ermida-de-nossa-senhora-da-lapa\/","url":"https:\/\/recolhimentolapa.pt\/index.php\/historia-uma-casa-com-muitas-historias-seculo-xviii-ermida-de-nossa-senhora-da-lapa\/","name":"HIST\u00d3RIA - Recolhimento da Lapa","isPartOf":{"@id":"https:\/\/recolhimentolapa.pt\/#website"},"datePublished":"2022-11-14T16:30:54+00:00","dateModified":"2024-01-23T17:22:38+00:00","description":"No S\u00e9culo XVIII, a ermida de Nossa Senhora da Lapa foi constru\u00edda, logo a seguir ao terramoto de 1755...em terras do infantado...Recolhimento","breadcrumb":{"@id":"https:\/\/recolhimentolapa.pt\/index.php\/historia-uma-casa-com-muitas-historias-seculo-xviii-ermida-de-nossa-senhora-da-lapa\/#breadcrumb"},"inLanguage":"pt-PT","potentialAction":[{"@type":"ReadAction","target":["https:\/\/recolhimentolapa.pt\/index.php\/historia-uma-casa-com-muitas-historias-seculo-xviii-ermida-de-nossa-senhora-da-lapa\/"]}]},{"@type":"BreadcrumbList","@id":"https:\/\/recolhimentolapa.pt\/index.php\/historia-uma-casa-com-muitas-historias-seculo-xviii-ermida-de-nossa-senhora-da-lapa\/#breadcrumb","itemListElement":[{"@type":"ListItem","position":1,"name":"In\u00edcio","item":"https:\/\/recolhimentolapa.pt\/"},{"@type":"ListItem","position":2,"name":"HIST\u00d3RIA"}]},{"@type":"WebSite","@id":"https:\/\/recolhimentolapa.pt\/#website","url":"https:\/\/recolhimentolapa.pt\/","name":"Recolhimento da Lapa","description":"Informa\u00e7\u00e3o sobre o Recolhimento da Lapa","publisher":{"@id":"https:\/\/recolhimentolapa.pt\/#organization"},"potentialAction":[{"@type":"SearchAction","target":{"@type":"EntryPoint","urlTemplate":"https:\/\/recolhimentolapa.pt\/?s={search_term_string}"},"query-input":{"@type":"PropertyValueSpecification","valueRequired":true,"valueName":"search_term_string"}}],"inLanguage":"pt-PT"},{"@type":"Organization","@id":"https:\/\/recolhimentolapa.pt\/#organization","name":"Recolhimento Nossa Senhora do Carmo da Lapa","url":"https:\/\/recolhimentolapa.pt\/","logo":{"@type":"ImageObject","inLanguage":"pt-PT","@id":"https:\/\/recolhimentolapa.pt\/#\/schema\/logo\/image\/","url":"https:\/\/recolhimentolapa.pt\/wp-content\/uploads\/2022\/05\/ICON.jpg","contentUrl":"https:\/\/recolhimentolapa.pt\/wp-content\/uploads\/2022\/05\/ICON.jpg","width":512,"height":512,"caption":"Recolhimento Nossa Senhora do Carmo da Lapa"},"image":{"@id":"https:\/\/recolhimentolapa.pt\/#\/schema\/logo\/image\/"}}]}},"_links":{"self":[{"href":"https:\/\/recolhimentolapa.pt\/index.php\/wp-json\/wp\/v2\/pages\/73","targetHints":{"allow":["GET"]}}],"collection":[{"href":"https:\/\/recolhimentolapa.pt\/index.php\/wp-json\/wp\/v2\/pages"}],"about":[{"href":"https:\/\/recolhimentolapa.pt\/index.php\/wp-json\/wp\/v2\/types\/page"}],"author":[{"embeddable":true,"href":"https:\/\/recolhimentolapa.pt\/index.php\/wp-json\/wp\/v2\/users\/2"}],"replies":[{"embeddable":true,"href":"https:\/\/recolhimentolapa.pt\/index.php\/wp-json\/wp\/v2\/comments?post=73"}],"version-history":[{"count":27,"href":"https:\/\/recolhimentolapa.pt\/index.php\/wp-json\/wp\/v2\/pages\/73\/revisions"}],"predecessor-version":[{"id":1114,"href":"https:\/\/recolhimentolapa.pt\/index.php\/wp-json\/wp\/v2\/pages\/73\/revisions\/1114"}],"wp:attachment":[{"href":"https:\/\/recolhimentolapa.pt\/index.php\/wp-json\/wp\/v2\/media?parent=73"}],"curies":[{"name":"wp","href":"https:\/\/api.w.org\/{rel}","templated":true}]}}